{"id":70118,"date":"2024-07-08T12:17:55","date_gmt":"2024-07-08T10:17:55","guid":{"rendered":"https:\/\/www.inguruabentura.com\/?post_type=product&#038;p=70118"},"modified":"2024-07-08T12:26:34","modified_gmt":"2024-07-08T10:26:34","slug":"booking-ferrata-route-sobron","status":"publish","type":"product","link":"https:\/\/www.inguruabentura.com\/en\/producto\/booking-ferrata-route-sobron\/","title":{"rendered":"BOOKING: FERRATA ROUTE SOBR\u00d3N (\u00c1LAVA)"},"content":{"rendered":"<h4>Details: Ferrata route Sobr\u00f3n<\/h4>\n<ul>\n<li><strong>LOCATIONS:<\/strong> Sobr\u00f3n (\u00c1lava).<\/li>\n<li><strong>DURATION:<\/strong> 3-4 hours.<\/li>\n<li><strong>LEVEL:<\/strong> I \u2013 Beginners.<\/li>\n<li><strong>SEASON:<\/strong> All year round.<\/li>\n<li><strong>MINIMUM GROUP:<\/strong> 6 participants.<\/li>\n<li><strong>MINIMUM AGE:<\/strong> 10 years old.<\/li>\n<li><strong>PRICE PER PERSON:<\/strong> 50 \u20ac (VAT included).<\/li>\n<li><strong>TECHNICAL DATA SHEET:<\/strong> <a href=\"https:\/\/www.inguruabentura.com\/wp-content\/uploads\/2022\/05\/IP-5-5-5-ViaFerrata-Sobron.pdf\" target=\"_blank\" rel=\"noopener\">Open file in pdf<\/a><\/li>\n<li><strong>GENERAL CONDITIONS:<\/strong> <a href=\"https:\/\/www.inguruabentura.com\/wp-content\/uploads\/2022\/04\/IP-5-1-1-GeneralConditions.pdf\" target=\"_blank\" rel=\"noopener\">Open file in pdf<\/a>.<\/li>\n<\/ul>\n<p><a href=\"https:\/\/www.inguruabentura.com\/en\/actividades\/ferrata-route-sobron\/\" target=\"_blank\" rel=\"noopener\">MORE INFORMATION<\/a><\/p>\n","protected":false},"excerpt":{"rendered":"<p>Book your Ferrata route Sobr\u00f3n with Inguru Abentura.<\/p>\n","protected":false},"featured_media":58714,"template":"","meta":[],"product_brand":[],"product_cat":[703,802],"product_tag":[],"class_list":{"0":"post-70118","1":"product","2":"type-product","3":"status-publish","4":"has-post-thumbnail","6":"product_cat-activities-booking","7":"product_cat-ferrata-routes-booking","8":"description-off","10":"first","11":"instock","12":"virtual","13":"taxable","14":"purchasable","15":"product-type-appointment"},"exclude_global_add_ons":[],"addons":[],"yoast_head":"<!-- This site is optimized with the Yoast SEO plugin v27.5 - https:\/\/yoast.com\/product\/yoast-seo-wordpress\/ -->\n<title>BOOKING: FERRATA ROUTE SOBR\u00d3N (\u00c1LAVA) - Inguru Abentura<\/title>\n<meta name=\"robots\" content=\"noindex, follow\" \/>\n<meta property=\"og:locale\" content=\"en_US\" \/>\n<meta property=\"og:type\" content=\"article\" \/>\n<meta property=\"og:title\" content=\"BOOKING: FERRATA ROUTE SOBR\u00d3N (\u00c1LAVA) - Inguru Abentura\" \/>\n<meta property=\"og:description\" content=\"Book your Ferrata route Sobr\u00f3n with Inguru Abentura.\" \/>\n<meta property=\"og:url\" content=\"https:\/\/www.inguruabentura.com\/en\/producto\/booking-ferrata-route-sobron\/\" \/>\n<meta property=\"og:site_name\" content=\"Inguru Abentura\" \/>\n<meta property=\"article:publisher\" content=\"https:\/\/www.facebook.com\/Inguru-Abentura-106922632671188\/\" \/>\n<meta property=\"article:modified_time\" content=\"2024-07-08T10:26:34+00:00\" \/>\n<meta property=\"og:image\" content=\"https:\/\/www.inguruabentura.com\/wp-content\/uploads\/2021\/10\/via-ferrata-sobron.jpeg\" \/>\n\t<meta property=\"og:image:width\" content=\"1200\" \/>\n\t<meta property=\"og:image:height\" content=\"1600\" \/>\n\t<meta property=\"og:image:type\" content=\"image\/jpeg\" \/>\n<meta name=\"twitter:card\" content=\"summary_large_image\" \/>\n<meta name=\"twitter:site\" content=\"@inguruabentura\" \/>\n<meta name=\"twitter:label1\" content=\"Est. reading time\" \/>\n\t<meta name=\"twitter:data1\" content=\"1 minute\" \/>\n<script type=\"application\/ld+json\" class=\"yoast-schema-graph\">{\"@context\":\"https:\\\/\\\/schema.org\",\"@graph\":[{\"@type\":\"WebPage\",\"@id\":\"https:\\\/\\\/www.inguruabentura.com\\\/en\\\/producto\\\/booking-ferrata-route-sobron\\\/\",\"url\":\"https:\\\/\\\/www.inguruabentura.com\\\/en\\\/producto\\\/booking-ferrata-route-sobron\\\/\",\"name\":\"BOOKING: FERRATA ROUTE SOBR\u00d3N (\u00c1LAVA) - Inguru Abentura\",\"isPartOf\":{\"@id\":\"https:\\\/\\\/www.inguruabentura.com\\\/en\\\/#website\"},\"primaryImageOfPage\":{\"@id\":\"https:\\\/\\\/www.inguruabentura.com\\\/en\\\/producto\\\/booking-ferrata-route-sobron\\\/#primaryimage\"},\"image\":{\"@id\":\"https:\\\/\\\/www.inguruabentura.com\\\/en\\\/producto\\\/booking-ferrata-route-sobron\\\/#primaryimage\"},\"thumbnailUrl\":\"https:\\\/\\\/www.inguruabentura.com\\\/wp-content\\\/uploads\\\/2021\\\/10\\\/via-ferrata-sobron.jpeg\",\"datePublished\":\"2024-07-08T10:17:55+00:00\",\"dateModified\":\"2024-07-08T10:26:34+00:00\",\"breadcrumb\":{\"@id\":\"https:\\\/\\\/www.inguruabentura.com\\\/en\\\/producto\\\/booking-ferrata-route-sobron\\\/#breadcrumb\"},\"inLanguage\":\"en-US\",\"potentialAction\":[{\"@type\":\"ReadAction\",\"target\":[\"https:\\\/\\\/www.inguruabentura.com\\\/en\\\/producto\\\/booking-ferrata-route-sobron\\\/\"]}]},{\"@type\":\"ImageObject\",\"inLanguage\":\"en-US\",\"@id\":\"https:\\\/\\\/www.inguruabentura.com\\\/en\\\/producto\\\/booking-ferrata-route-sobron\\\/#primaryimage\",\"url\":\"https:\\\/\\\/www.inguruabentura.com\\\/wp-content\\\/uploads\\\/2021\\\/10\\\/via-ferrata-sobron.jpeg\",\"contentUrl\":\"https:\\\/\\\/www.inguruabentura.com\\\/wp-content\\\/uploads\\\/2021\\\/10\\\/via-ferrata-sobron.jpeg\",\"width\":1200,\"height\":1600,\"caption\":\"Via Ferrata Sobr\u00f3n (Araba)\"},{\"@type\":\"BreadcrumbList\",\"@id\":\"https:\\\/\\\/www.inguruabentura.com\\\/en\\\/producto\\\/booking-ferrata-route-sobron\\\/#breadcrumb\",\"itemListElement\":[{\"@type\":\"ListItem\",\"position\":1,\"name\":\"Portada\",\"item\":\"https:\\\/\\\/www.inguruabentura.com\\\/en\\\/\"},{\"@type\":\"ListItem\",\"position\":2,\"name\":\"Store\",\"item\":\"https:\\\/\\\/www.inguruabentura.com\\\/en\\\/store\\\/\"},{\"@type\":\"ListItem\",\"position\":3,\"name\":\"BOOKING: FERRATA ROUTE SOBR\u00d3N (\u00c1LAVA)\"}]},{\"@type\":\"WebSite\",\"@id\":\"https:\\\/\\\/www.inguruabentura.com\\\/en\\\/#website\",\"url\":\"https:\\\/\\\/www.inguruabentura.com\\\/en\\\/\",\"name\":\"Inguru Abentura\",\"description\":\"Deportes de Aventura y Turismo Activo en Euskadi\",\"publisher\":{\"@id\":\"https:\\\/\\\/www.inguruabentura.com\\\/en\\\/#organization\"},\"alternateName\":\"Inguru Abentura\",\"potentialAction\":[{\"@type\":\"SearchAction\",\"target\":{\"@type\":\"EntryPoint\",\"urlTemplate\":\"https:\\\/\\\/www.inguruabentura.com\\\/en\\\/?s={search_term_string}\"},\"query-input\":{\"@type\":\"PropertyValueSpecification\",\"valueRequired\":true,\"valueName\":\"search_term_string\"}}],\"inLanguage\":\"en-US\"},{\"@type\":\"Organization\",\"@id\":\"https:\\\/\\\/www.inguruabentura.com\\\/en\\\/#organization\",\"name\":\"Inguru Abentura\",\"alternateName\":\"Inguru Abentura\",\"url\":\"https:\\\/\\\/www.inguruabentura.com\\\/en\\\/\",\"logo\":{\"@type\":\"ImageObject\",\"inLanguage\":\"en-US\",\"@id\":\"https:\\\/\\\/www.inguruabentura.com\\\/en\\\/#\\\/schema\\\/logo\\\/image\\\/\",\"url\":\"https:\\\/\\\/www.inguruabentura.com\\\/wp-content\\\/uploads\\\/2021\\\/05\\\/logo-inguru-retina.png\",\"contentUrl\":\"https:\\\/\\\/www.inguruabentura.com\\\/wp-content\\\/uploads\\\/2021\\\/05\\\/logo-inguru-retina.png\",\"width\":546,\"height\":300,\"caption\":\"Inguru Abentura\"},\"image\":{\"@id\":\"https:\\\/\\\/www.inguruabentura.com\\\/en\\\/#\\\/schema\\\/logo\\\/image\\\/\"},\"sameAs\":[\"https:\\\/\\\/www.facebook.com\\\/Inguru-Abentura-106922632671188\\\/\",\"https:\\\/\\\/x.com\\\/inguruabentura\",\"https:\\\/\\\/www.instagram.com\\\/cristian_inguru_abentura\\\/\",\"https:\\\/\\\/www.youtube.com\\\/user\\\/InguruAbentura\",\"https:\\\/\\\/www.flickr.com\\\/photos\\\/inguru\\\/\",\"https:\\\/\\\/www.tripadvisor.es\\\/Attraction_Review-g3376952-d7364713-Reviews-Inguru_Abentura-Ermua_Province_of_Vizcaya_Basque_Country.html\"]}]}<\/script>\n<!-- \/ Yoast SEO plugin. -->","yoast_head_json":{"title":"BOOKING: FERRATA ROUTE SOBR\u00d3N (\u00c1LAVA) - Inguru Abentura","robots":{"index":"noindex","follow":"follow"},"og_locale":"en_US","og_type":"article","og_title":"BOOKING: FERRATA ROUTE SOBR\u00d3N (\u00c1LAVA) - Inguru Abentura","og_description":"Book your Ferrata route Sobr\u00f3n with Inguru Abentura.","og_url":"https:\/\/www.inguruabentura.com\/en\/producto\/booking-ferrata-route-sobron\/","og_site_name":"Inguru Abentura","article_publisher":"https:\/\/www.facebook.com\/Inguru-Abentura-106922632671188\/","article_modified_time":"2024-07-08T10:26:34+00:00","og_image":[{"width":1200,"height":1600,"url":"https:\/\/www.inguruabentura.com\/wp-content\/uploads\/2021\/10\/via-ferrata-sobron.jpeg","type":"image\/jpeg"}],"twitter_card":"summary_large_image","twitter_site":"@inguruabentura","twitter_misc":{"Est. reading time":"1 minute"},"schema":{"@context":"https:\/\/schema.org","@graph":[{"@type":"WebPage","@id":"https:\/\/www.inguruabentura.com\/en\/producto\/booking-ferrata-route-sobron\/","url":"https:\/\/www.inguruabentura.com\/en\/producto\/booking-ferrata-route-sobron\/","name":"BOOKING: FERRATA ROUTE SOBR\u00d3N (\u00c1LAVA) - Inguru Abentura","isPartOf":{"@id":"https:\/\/www.inguruabentura.com\/en\/#website"},"primaryImageOfPage":{"@id":"https:\/\/www.inguruabentura.com\/en\/producto\/booking-ferrata-route-sobron\/#primaryimage"},"image":{"@id":"https:\/\/www.inguruabentura.com\/en\/producto\/booking-ferrata-route-sobron\/#primaryimage"},"thumbnailUrl":"https:\/\/www.inguruabentura.com\/wp-content\/uploads\/2021\/10\/via-ferrata-sobron.jpeg","datePublished":"2024-07-08T10:17:55+00:00","dateModified":"2024-07-08T10:26:34+00:00","breadcrumb":{"@id":"https:\/\/www.inguruabentura.com\/en\/producto\/booking-ferrata-route-sobron\/#breadcrumb"},"inLanguage":"en-US","potentialAction":[{"@type":"ReadAction","target":["https:\/\/www.inguruabentura.com\/en\/producto\/booking-ferrata-route-sobron\/"]}]},{"@type":"ImageObject","inLanguage":"en-US","@id":"https:\/\/www.inguruabentura.com\/en\/producto\/booking-ferrata-route-sobron\/#primaryimage","url":"https:\/\/www.inguruabentura.com\/wp-content\/uploads\/2021\/10\/via-ferrata-sobron.jpeg","contentUrl":"https:\/\/www.inguruabentura.com\/wp-content\/uploads\/2021\/10\/via-ferrata-sobron.jpeg","width":1200,"height":1600,"caption":"Via Ferrata Sobr\u00f3n (Araba)"},{"@type":"BreadcrumbList","@id":"https:\/\/www.inguruabentura.com\/en\/producto\/booking-ferrata-route-sobron\/#breadcrumb","itemListElement":[{"@type":"ListItem","position":1,"name":"Portada","item":"https:\/\/www.inguruabentura.com\/en\/"},{"@type":"ListItem","position":2,"name":"Store","item":"https:\/\/www.inguruabentura.com\/en\/store\/"},{"@type":"ListItem","position":3,"name":"BOOKING: FERRATA ROUTE SOBR\u00d3N (\u00c1LAVA)"}]},{"@type":"WebSite","@id":"https:\/\/www.inguruabentura.com\/en\/#website","url":"https:\/\/www.inguruabentura.com\/en\/","name":"Inguru Abentura","description":"Deportes de Aventura y Turismo Activo en Euskadi","publisher":{"@id":"https:\/\/www.inguruabentura.com\/en\/#organization"},"alternateName":"Inguru Abentura","potentialAction":[{"@type":"SearchAction","target":{"@type":"EntryPoint","urlTemplate":"https:\/\/www.inguruabentura.com\/en\/?s={search_term_string}"},"query-input":{"@type":"PropertyValueSpecification","valueRequired":true,"valueName":"search_term_string"}}],"inLanguage":"en-US"},{"@type":"Organization","@id":"https:\/\/www.inguruabentura.com\/en\/#organization","name":"Inguru Abentura","alternateName":"Inguru Abentura","url":"https:\/\/www.inguruabentura.com\/en\/","logo":{"@type":"ImageObject","inLanguage":"en-US","@id":"https:\/\/www.inguruabentura.com\/en\/#\/schema\/logo\/image\/","url":"https:\/\/www.inguruabentura.com\/wp-content\/uploads\/2021\/05\/logo-inguru-retina.png","contentUrl":"https:\/\/www.inguruabentura.com\/wp-content\/uploads\/2021\/05\/logo-inguru-retina.png","width":546,"height":300,"caption":"Inguru Abentura"},"image":{"@id":"https:\/\/www.inguruabentura.com\/en\/#\/schema\/logo\/image\/"},"sameAs":["https:\/\/www.facebook.com\/Inguru-Abentura-106922632671188\/","https:\/\/x.com\/inguruabentura","https:\/\/www.instagram.com\/cristian_inguru_abentura\/","https:\/\/www.youtube.com\/user\/InguruAbentura","https:\/\/www.flickr.com\/photos\/inguru\/","https:\/\/www.tripadvisor.es\/Attraction_Review-g3376952-d7364713-Reviews-Inguru_Abentura-Ermua_Province_of_Vizcaya_Basque_Country.html"]}]}},"_links":{"self":[{"href":"https:\/\/www.inguruabentura.com\/en\/wp-json\/wp\/v2\/product\/70118","targetHints":{"allow":["GET"]}}],"collection":[{"href":"https:\/\/www.inguruabentura.com\/en\/wp-json\/wp\/v2\/product"}],"about":[{"href":"https:\/\/www.inguruabentura.com\/en\/wp-json\/wp\/v2\/types\/product"}],"wp:featuredmedia":[{"embeddable":true,"href":"https:\/\/www.inguruabentura.com\/en\/wp-json\/wp\/v2\/media\/58714"}],"wp:attachment":[{"href":"https:\/\/www.inguruabentura.com\/en\/wp-json\/wp\/v2\/media?parent=70118"}],"wp:term":[{"taxonomy":"product_brand","embeddable":true,"href":"https:\/\/www.inguruabentura.com\/en\/wp-json\/wp\/v2\/product_brand?post=70118"},{"taxonomy":"product_cat","embeddable":true,"href":"https:\/\/www.inguruabentura.com\/en\/wp-json\/wp\/v2\/product_cat?post=70118"},{"taxonomy":"product_tag","embeddable":true,"href":"https:\/\/www.inguruabentura.com\/en\/wp-json\/wp\/v2\/product_tag?post=70118"}],"curies":[{"name":"wp","href":"https:\/\/api.w.org\/{rel}","templated":true}]}}