{"id":65609,"date":"2014-09-09T09:45:57","date_gmt":"2014-09-09T09:45:57","guid":{"rendered":"https:\/\/www.inguruabentura.com\/bonos-regalo\/"},"modified":"2025-02-19T05:25:14","modified_gmt":"2025-02-19T04:25:14","slug":"cheques-cadeaux","status":"publish","type":"page","link":"https:\/\/www.inguruabentura.com\/fr\/cheques-cadeaux\/","title":{"rendered":"Ch\u00e8ques-cadeaux"},"content":{"rendered":"<div class=\"wpb-content-wrapper\"><p>[vc_row type=\u00a0\u00bbvc_default\u00a0\u00bb full_width=\u00a0\u00bbstretch_row\u00a0\u00bb css=\u00a0\u00bb.vc_custom_1651219190649{padding-top: 30px !important;padding-bottom: 30px !important;}\u00a0\u00bb][vc_column]<div id=\"ultimate-heading-569569f8eb2f778a0\" class=\"uvc-heading ult-adjust-bottom-margin ultimate-heading-569569f8eb2f778a0 uvc-6917 accent-border-color uvc-heading-default-font-sizes\" data-hspacer=\"line_only\"  data-halign=\"center\" style=\"text-align:center\"><div class=\"uvc-main-heading ult-responsive\"  data-ultimate-target='.uvc-heading.ultimate-heading-569569f8eb2f778a0 h2'  data-responsive-json-new='{\"font-size\":\"\",\"line-height\":\"\"}' ><h2 style=\"--font-weight:theme;margin-bottom:15px;\">Vous voulez offrir un cadeau exceptionnel? <\/h2><\/div><div class=\"uvc-heading-spacer line_only\" style=\"margin-bottom:25px;height:4px;\"><span class=\"uvc-headings-line\" style=\"border-style:solid;border-bottom-width:4px;border-color:#ccc;width:150px;\"><\/span><\/div><div class=\"uvc-sub-heading ult-responsive\"  data-ultimate-target='.uvc-heading.ultimate-heading-569569f8eb2f778a0 .uvc-sub-heading '  data-responsive-json-new='{\"font-size\":\"\",\"line-height\":\"\"}'  style=\"font-weight:normal;color:#ffffff;\"><\/p>\n<h3>Avec nos ch\u00e8ques-cadeaux, vous pouvez offrir une exp\u00e9rience pleine d&rsquo;aventure et de plaisir. Un cadeau diff\u00e9rent pour s&rsquo;amuser en pleine nature dans des endroits incroyables et en pratiquant le sport.<\/h3>\n<p><\/div><\/div>[\/vc_column][\/vc_row][vc_row type=\u00a0\u00bbvc_default\u00a0\u00bb full_width=\u00a0\u00bbstretch_row\u00a0\u00bb css=\u00a0\u00bb.vc_custom_1651219263331{margin-top: 0px !important;padding-top: 30px !important;padding-bottom: 80px !important;}\u00a0\u00bb][vc_column]<div class=\"woocommerce columns-4 \"><div class=\"wf-container dt-products  woo-hover products loading-effect-fade-in description-on-hover cart-btn-on-img hide-description wc-grid\" data-padding=\"0px\" data-cur-page=\"1\" data-desktop-columns-num=\"3\" data-v-tablet-columns-num=\"2\" data-h-tablet-columns-num=\"3\" data-phone-columns-num=\"1\">\n\n<article class=\"post visible description-off product type-product post-65627 status-publish first instock product_cat-cheques-cadeaux has-post-thumbnail taxable shipping-taxable purchasable product-type-pw-gift-card has-default-attributes\">\n\n\t<figure class=\"woocom-project\">\n\t<div class=\"woo-buttons-on-img\">\n\n\t\t<a href=\"https:\/\/www.inguruabentura.com\/fr\/producto\/cheque-cadeau-saut-elastique\/\" class=\"alignnone layzr-bg\"><img decoding=\"async\" width=\"900\" height=\"546\" src=\"data:image\/svg+xml;charset=utf-8,%3Csvg xmlns%3D&#039;http%3A%2F%2Fwww.w3.org%2F2000%2Fsvg&#039; viewBox%3D&#039;0 0 900 546&#039;%2F%3E\" class=\"attachment-woocommerce_thumbnail size-woocommerce_thumbnail lazy-load preload-me\" alt=\"CH\u00c8QUE CADEAU SAUT \u00c0 L&#039;\u00c9LASTIQUE\" data-src=\"https:\/\/www.inguruabentura.com\/wp-content\/uploads\/2022\/04\/bono-inguru-PUENTING.jpg\" data-srcset=\"https:\/\/www.inguruabentura.com\/wp-content\/uploads\/2022\/04\/bono-inguru-PUENTING.jpg 900w, https:\/\/www.inguruabentura.com\/wp-content\/uploads\/2022\/04\/bono-inguru-PUENTING-300x182.jpg 300w, https:\/\/www.inguruabentura.com\/wp-content\/uploads\/2022\/04\/bono-inguru-PUENTING-768x466.jpg 768w\" \/><\/a>\n\t<\/div>\n\t<figcaption class=\"woocom-list-content\">\n\n\t\t<div class=\"woocommerce-product-details__short-description\">\n\t<p>Offrez le cadeau d&rsquo;une exp\u00e9rience inoubliable, faites du saut \u00e0 l&rsquo;\u00e9lastique avec Inguru Abentura.<\/p>\n<\/div>\n\n\t<\/figcaption>\n<\/figure>\n\n<\/article>\n\n\n\n<article class=\"post visible description-off product type-product post-65621 status-publish instock product_cat-cheques-cadeaux has-post-thumbnail taxable shipping-taxable purchasable product-type-pw-gift-card\">\n\n\t<figure class=\"woocom-project\">\n\t<div class=\"woo-buttons-on-img\">\n\n\t\t<a href=\"https:\/\/www.inguruabentura.com\/fr\/producto\/cheques-cadeaux-speleologie\/\" class=\"alignnone layzr-bg\"><img decoding=\"async\" width=\"900\" height=\"546\" src=\"data:image\/svg+xml;charset=utf-8,%3Csvg xmlns%3D&#039;http%3A%2F%2Fwww.w3.org%2F2000%2Fsvg&#039; viewBox%3D&#039;0 0 900 546&#039;%2F%3E\" class=\"attachment-woocommerce_thumbnail size-woocommerce_thumbnail lazy-load preload-me\" alt=\"BON CADEAU SP\u00c9L\u00c9OLOGIE\" data-src=\"https:\/\/www.inguruabentura.com\/wp-content\/uploads\/2021\/10\/bono-inguru-ESPELEOLOGIA.jpg\" data-srcset=\"https:\/\/www.inguruabentura.com\/wp-content\/uploads\/2021\/10\/bono-inguru-ESPELEOLOGIA.jpg 900w, https:\/\/www.inguruabentura.com\/wp-content\/uploads\/2021\/10\/bono-inguru-ESPELEOLOGIA-300x182.jpg 300w, https:\/\/www.inguruabentura.com\/wp-content\/uploads\/2021\/10\/bono-inguru-ESPELEOLOGIA-768x466.jpg 768w\" \/><\/a>\n\t<\/div>\n\t<figcaption class=\"woocom-list-content\">\n\n\t\t<div class=\"woocommerce-product-details__short-description\">\n\t<p>Apprenez \u00e0 conna\u00eetre et \u00e0 offrir l&rsquo;activit\u00e9 de sp\u00e9l\u00e9ologie avec Inguru Abentura. Vous pouvez choisir le prix pour les diff\u00e9rents niveaux.<\/p>\n<ul>\n<li>Niveau d\u00e9butant 55 \u20ac<\/li>\n<li>Niveau interm\u00e9diaire 60 \u20ac<\/li>\n<li>Niveau avanc\u00e9 70 \u20ac<\/li>\n<\/ul>\n<\/div>\n\n\t<\/figcaption>\n<\/figure>\n\n<\/article>\n\n\n\n<article class=\"post visible description-off product type-product post-65613 status-publish instock product_cat-cheques-cadeaux has-post-thumbnail taxable shipping-taxable purchasable product-type-pw-gift-card has-default-attributes\">\n\n\t<figure class=\"woocom-project\">\n\t<div class=\"woo-buttons-on-img\">\n\n\t\t<a href=\"https:\/\/www.inguruabentura.com\/fr\/producto\/cheque-cadeau-canyoning-pays-basque\/\" class=\"alignnone layzr-bg\"><img decoding=\"async\" width=\"900\" height=\"546\" src=\"data:image\/svg+xml;charset=utf-8,%3Csvg xmlns%3D&#039;http%3A%2F%2Fwww.w3.org%2F2000%2Fsvg&#039; viewBox%3D&#039;0 0 900 546&#039;%2F%3E\" class=\"attachment-woocommerce_thumbnail size-woocommerce_thumbnail lazy-load preload-me\" alt=\"CH\u00c8QUE CADEAU CANYONING\" data-src=\"https:\/\/www.inguruabentura.com\/wp-content\/uploads\/2022\/04\/bono-inguru-BARRANCOS.jpg\" data-srcset=\"https:\/\/www.inguruabentura.com\/wp-content\/uploads\/2022\/04\/bono-inguru-BARRANCOS.jpg 900w, https:\/\/www.inguruabentura.com\/wp-content\/uploads\/2022\/04\/bono-inguru-BARRANCOS-300x182.jpg 300w, https:\/\/www.inguruabentura.com\/wp-content\/uploads\/2022\/04\/bono-inguru-BARRANCOS-768x466.jpg 768w\" \/><\/a>\n\t<\/div>\n\t<figcaption class=\"woocom-list-content\">\n\n\t\t<div class=\"woocommerce-product-details__short-description\">\n\t<p>Offrez-vous l&rsquo;activit\u00e9 la plus rafra\u00eechissante de l&rsquo;\u00e9t\u00e9, le canyoning en Euskadi avec Inguru Abentura.<\/p>\n<ul>\n<li>Niveau d\u00e9butant 60 \u20ac<\/li>\n<\/ul>\n<\/div>\n\n\t<\/figcaption>\n<\/figure>\n\n<\/article>\n\n\n\n<article class=\"post visible description-off product type-product post-65615 status-publish last instock product_cat-cheques-cadeaux has-post-thumbnail taxable shipping-taxable purchasable product-type-pw-gift-card has-default-attributes\">\n\n\t<figure class=\"woocom-project\">\n\t<div class=\"woo-buttons-on-img\">\n\n\t\t<a href=\"https:\/\/www.inguruabentura.com\/fr\/producto\/cheque-cadeau-canyoning-navarra-cantabria-pirineos\/\" class=\"alignnone layzr-bg\"><img decoding=\"async\" width=\"900\" height=\"546\" src=\"data:image\/svg+xml;charset=utf-8,%3Csvg xmlns%3D&#039;http%3A%2F%2Fwww.w3.org%2F2000%2Fsvg&#039; viewBox%3D&#039;0 0 900 546&#039;%2F%3E\" class=\"attachment-woocommerce_thumbnail size-woocommerce_thumbnail lazy-load preload-me\" alt=\"CH\u00c8QUE CADEAU CANYONING\" data-src=\"https:\/\/www.inguruabentura.com\/wp-content\/uploads\/2022\/04\/bono-inguru-BARRANCOS.jpg\" data-srcset=\"https:\/\/www.inguruabentura.com\/wp-content\/uploads\/2022\/04\/bono-inguru-BARRANCOS.jpg 900w, https:\/\/www.inguruabentura.com\/wp-content\/uploads\/2022\/04\/bono-inguru-BARRANCOS-300x182.jpg 300w, https:\/\/www.inguruabentura.com\/wp-content\/uploads\/2022\/04\/bono-inguru-BARRANCOS-768x466.jpg 768w\" \/><\/a>\n\t<\/div>\n\t<figcaption class=\"woocom-list-content\">\n\n\t\t<div class=\"woocommerce-product-details__short-description\">\n\t<p>Offrez-vous l&rsquo;activit\u00e9 la plus rafra\u00eechissante pour l&rsquo;\u00e9t\u00e9, le canyoning \u00e0 NAVARRA, CANTABRIA ou PIRINEOS toujours avec Inguru Abentura.<\/p>\n<ul>\n<li>Niveau d\u00e9butant 60 \u20ac<\/li>\n<\/ul>\n<\/div>\n\n\t<\/figcaption>\n<\/figure>\n\n<\/article>\n\n\n\n<article class=\"post visible description-off product type-product post-65617 status-publish first instock product_cat-cheques-cadeaux has-post-thumbnail taxable shipping-taxable purchasable product-type-pw-gift-card has-default-attributes\">\n\n\t<figure class=\"woocom-project\">\n\t<div class=\"woo-buttons-on-img\">\n\n\t\t<a href=\"https:\/\/www.inguruabentura.com\/fr\/producto\/cheque-cadeau-canyoning-la-leze\/\" class=\"alignnone layzr-bg\"><img decoding=\"async\" width=\"900\" height=\"546\" src=\"data:image\/svg+xml;charset=utf-8,%3Csvg xmlns%3D&#039;http%3A%2F%2Fwww.w3.org%2F2000%2Fsvg&#039; viewBox%3D&#039;0 0 900 546&#039;%2F%3E\" class=\"attachment-woocommerce_thumbnail size-woocommerce_thumbnail lazy-load preload-me\" alt=\"BON CADEAU LA LEZE CANYON DESCENTE\" data-src=\"https:\/\/www.inguruabentura.com\/wp-content\/uploads\/2022\/04\/bono-inguru-LA-LEZE.jpg\" data-srcset=\"https:\/\/www.inguruabentura.com\/wp-content\/uploads\/2022\/04\/bono-inguru-LA-LEZE.jpg 900w, https:\/\/www.inguruabentura.com\/wp-content\/uploads\/2022\/04\/bono-inguru-LA-LEZE-300x182.jpg 300w, https:\/\/www.inguruabentura.com\/wp-content\/uploads\/2022\/04\/bono-inguru-LA-LEZE-768x466.jpg 768w\" \/><\/a>\n\t<\/div>\n\t<figcaption class=\"woocom-list-content\">\n\n\t\t<div class=\"woocommerce-product-details__short-description\">\n\t<p>Joyau de la couronne du canyoning basque, le prix Fitur 2022 est le meilleur cadeau pour entrer dans le monde du canyoning avec Inguru Abentura.<\/p>\n<ul>\n<li>Niveau interm\u00e9diaire 85 \u20ac<\/li>\n<\/ul>\n<\/div>\n\n\t<\/figcaption>\n<\/figure>\n\n<\/article>\n\n\n\n<article class=\"post visible description-off product type-product post-65631 status-publish instock product_cat-cheques-cadeaux has-post-thumbnail taxable shipping-taxable purchasable product-type-pw-gift-card has-default-attributes\">\n\n\t<figure class=\"woocom-project\">\n\t<div class=\"woo-buttons-on-img\">\n\n\t\t<a href=\"https:\/\/www.inguruabentura.com\/fr\/producto\/cheque-cadeau-via-ferrata\/\" class=\"alignnone layzr-bg\"><img decoding=\"async\" width=\"900\" height=\"546\" src=\"data:image\/svg+xml;charset=utf-8,%3Csvg xmlns%3D&#039;http%3A%2F%2Fwww.w3.org%2F2000%2Fsvg&#039; viewBox%3D&#039;0 0 900 546&#039;%2F%3E\" class=\"attachment-woocommerce_thumbnail size-woocommerce_thumbnail lazy-load preload-me\" alt=\"CH\u00c8QUE CADEAU VIA FERRATA\" data-src=\"https:\/\/www.inguruabentura.com\/wp-content\/uploads\/2022\/04\/bono-inguru-VIAFERRATA.jpg\" data-srcset=\"https:\/\/www.inguruabentura.com\/wp-content\/uploads\/2022\/04\/bono-inguru-VIAFERRATA.jpg 900w, https:\/\/www.inguruabentura.com\/wp-content\/uploads\/2022\/04\/bono-inguru-VIAFERRATA-300x182.jpg 300w, https:\/\/www.inguruabentura.com\/wp-content\/uploads\/2022\/04\/bono-inguru-VIAFERRATA-768x466.jpg 768w\" \/><\/a>\n\t<\/div>\n\t<figcaption class=\"woocom-list-content\">\n\n\t\t<div class=\"woocommerce-product-details__short-description\">\n\t<p>Ch\u00e8que-cadeau pour l&rsquo;activit\u00e9 Via Ferrata au Pays basque avec Inguru Abentura.<\/p>\n<ul>\n<li>Niveau d\u00e9butant 50 \u20ac<\/li>\n<\/ul>\n<\/div>\n\n\t<\/figcaption>\n<\/figure>\n\n<\/article>\n\n\n\n<article class=\"post visible description-off product type-product post-65619 status-publish instock product_cat-cheques-cadeaux has-post-thumbnail taxable shipping-taxable purchasable product-type-pw-gift-card has-default-attributes\">\n\n\t<figure class=\"woocom-project\">\n\t<div class=\"woo-buttons-on-img\">\n\n\t\t<a href=\"https:\/\/www.inguruabentura.com\/fr\/producto\/cheque-cadeau-escalade\/\" class=\"alignnone layzr-bg\"><img decoding=\"async\" width=\"900\" height=\"546\" src=\"data:image\/svg+xml;charset=utf-8,%3Csvg xmlns%3D&#039;http%3A%2F%2Fwww.w3.org%2F2000%2Fsvg&#039; viewBox%3D&#039;0 0 900 546&#039;%2F%3E\" class=\"attachment-woocommerce_thumbnail size-woocommerce_thumbnail lazy-load preload-me\" alt=\"CH\u00c8QUE CADEAU ESCALADE\" data-src=\"https:\/\/www.inguruabentura.com\/wp-content\/uploads\/2022\/04\/bono-inguru-ESCALADA.jpg\" data-srcset=\"https:\/\/www.inguruabentura.com\/wp-content\/uploads\/2022\/04\/bono-inguru-ESCALADA.jpg 900w, https:\/\/www.inguruabentura.com\/wp-content\/uploads\/2022\/04\/bono-inguru-ESCALADA-300x182.jpg 300w, https:\/\/www.inguruabentura.com\/wp-content\/uploads\/2022\/04\/bono-inguru-ESCALADA-768x466.jpg 768w\" \/><\/a>\n\t<\/div>\n\t<figcaption class=\"woocom-list-content\">\n\n\t\t<div class=\"woocommerce-product-details__short-description\">\n\t<p>Un cadeau olympique, offrez le cadeau de l&rsquo;escalade avec Inguru Abentura.<\/p>\n<\/div>\n\n\t<\/figcaption>\n<\/figure>\n\n<\/article>\n\n\n\n<article class=\"post visible description-off product type-product post-65625 status-publish last instock product_cat-cheques-cadeaux has-post-thumbnail taxable shipping-taxable purchasable product-type-pw-gift-card has-default-attributes\">\n\n\t<figure class=\"woocom-project\">\n\t<div class=\"woo-buttons-on-img\">\n\n\t\t<a href=\"https:\/\/www.inguruabentura.com\/fr\/producto\/cheque-cadeau-course-orientation\/\" class=\"alignnone layzr-bg\"><img decoding=\"async\" width=\"900\" height=\"546\" src=\"data:image\/svg+xml;charset=utf-8,%3Csvg xmlns%3D&#039;http%3A%2F%2Fwww.w3.org%2F2000%2Fsvg&#039; viewBox%3D&#039;0 0 900 546&#039;%2F%3E\" class=\"attachment-woocommerce_thumbnail size-woocommerce_thumbnail lazy-load preload-me\" alt=\"CH\u00c8QUE CADEAU ORIENTATION\" data-src=\"https:\/\/www.inguruabentura.com\/wp-content\/uploads\/2022\/04\/bono-inguru-ORIENTACION.jpg\" data-srcset=\"https:\/\/www.inguruabentura.com\/wp-content\/uploads\/2022\/04\/bono-inguru-ORIENTACION.jpg 900w, https:\/\/www.inguruabentura.com\/wp-content\/uploads\/2022\/04\/bono-inguru-ORIENTACION-300x182.jpg 300w, https:\/\/www.inguruabentura.com\/wp-content\/uploads\/2022\/04\/bono-inguru-ORIENTACION-768x466.jpg 768w\" \/><\/a>\n\t<\/div>\n\t<figcaption class=\"woocom-list-content\">\n\n\t\t<div class=\"woocommerce-product-details__short-description\">\n\t<p>Ch\u00e8que-cadeau pour la course d&rsquo;orientation avec Inguru Abentura.<\/p>\n<\/div>\n\n\t<\/figcaption>\n<\/figure>\n\n<\/article>\n\n\n\n<article class=\"post visible description-off product type-product post-65629 status-publish first instock product_cat-cheques-cadeaux has-post-thumbnail taxable shipping-taxable purchasable product-type-pw-gift-card has-default-attributes\">\n\n\t<figure class=\"woocom-project\">\n\t<div class=\"woo-buttons-on-img\">\n\n\t\t<a href=\"https:\/\/www.inguruabentura.com\/fr\/producto\/cheque-cadeau-randonnee-trekkings-pays-basque\/\" class=\"alignnone layzr-bg\"><img decoding=\"async\" width=\"900\" height=\"546\" src=\"data:image\/svg+xml;charset=utf-8,%3Csvg xmlns%3D&#039;http%3A%2F%2Fwww.w3.org%2F2000%2Fsvg&#039; viewBox%3D&#039;0 0 900 546&#039;%2F%3E\" class=\"attachment-woocommerce_thumbnail size-woocommerce_thumbnail lazy-load preload-me\" alt=\"CH\u00c8QUE CADEAU RANDONN\u00c9E\" data-src=\"https:\/\/www.inguruabentura.com\/wp-content\/uploads\/2022\/04\/bono-inguru-SENDERISMO.jpg\" data-srcset=\"https:\/\/www.inguruabentura.com\/wp-content\/uploads\/2022\/04\/bono-inguru-SENDERISMO.jpg 900w, https:\/\/www.inguruabentura.com\/wp-content\/uploads\/2022\/04\/bono-inguru-SENDERISMO-300x182.jpg 300w, https:\/\/www.inguruabentura.com\/wp-content\/uploads\/2022\/04\/bono-inguru-SENDERISMO-768x466.jpg 768w\" \/><\/a>\n\t<\/div>\n\t<figcaption class=\"woocom-list-content\">\n\n\t\t<div class=\"woocommerce-product-details__short-description\">\n\t<p>Ch\u00e8que-cadeau pour la randonn\u00e9e et le trekking en montagne au Pays basque avec Inguru Abentura.<\/p>\n<\/div>\n\n\t<\/figcaption>\n<\/figure>\n\n<\/article>\n\n<\/div><\/div>[\/vc_column][\/vc_row]<\/p>\n<\/div>","protected":false},"excerpt":{"rendered":"<p>[vc_row type=\u00a0\u00bbvc_default\u00a0\u00bb full_width=\u00a0\u00bbstretch_row\u00a0\u00bb css=\u00a0\u00bb.vc_custom_1651219190649{padding-top: 30px !important;padding-bottom: 30px !important;}\u00a0\u00bb][vc_column][\/vc_column][\/vc_row][vc_row type=\u00a0\u00bbvc_default\u00a0\u00bb full_width=\u00a0\u00bbstretch_row\u00a0\u00bb css=\u00a0\u00bb.vc_custom_1651219263331{margin-top: 0px !important;padding-top: 30px !important;padding-bottom: 80px !important;}\u00a0\u00bb][vc_column][\/vc_column][\/vc_row]<\/p>\n","protected":false},"author":1,"featured_media":0,"parent":0,"menu_order":90,"comment_status":"closed","ping_status":"closed","template":"","meta":{"footnotes":""},"class_list":["post-65609","page","type-page","status-publish","hentry","description-off"],"yoast_head":"<!-- This site is optimized with the Yoast SEO plugin v27.4 - https:\/\/yoast.com\/product\/yoast-seo-wordpress\/ -->\n<title>Ch\u00e8ques-cadeaux - Inguru Abentura<\/title>\n<meta name=\"description\" content=\"Avec nos ch\u00e8ques-cadeaux, vous pouvez offrir une exp\u00e9rience pleine d&#039;aventure et de plaisir.\" \/>\n<meta name=\"robots\" content=\"index, follow, max-snippet:-1, max-image-preview:large, max-video-preview:-1\" \/>\n<link rel=\"canonical\" href=\"https:\/\/www.inguruabentura.com\/fr\/cheques-cadeaux\/\" \/>\n<meta property=\"og:locale\" content=\"fr_FR\" \/>\n<meta property=\"og:type\" content=\"article\" \/>\n<meta property=\"og:title\" content=\"Ch\u00e8ques-cadeaux - Inguru Abentura\" \/>\n<meta property=\"og:description\" content=\"Avec nos ch\u00e8ques-cadeaux, vous pouvez offrir une exp\u00e9rience pleine d&#039;aventure et de plaisir.\" \/>\n<meta property=\"og:url\" content=\"https:\/\/www.inguruabentura.com\/fr\/cheques-cadeaux\/\" \/>\n<meta property=\"og:site_name\" content=\"Inguru Abentura\" \/>\n<meta property=\"article:publisher\" content=\"https:\/\/www.facebook.com\/Inguru-Abentura-106922632671188\/\" \/>\n<meta property=\"article:modified_time\" content=\"2025-02-19T04:25:14+00:00\" \/>\n<meta property=\"og:image\" content=\"https:\/\/www.inguruabentura.com\/wp-content\/uploads\/2021\/09\/barrancos.jpg\" \/>\n\t<meta property=\"og:image:width\" content=\"1920\" \/>\n\t<meta property=\"og:image:height\" content=\"1280\" \/>\n\t<meta property=\"og:image:type\" content=\"image\/jpeg\" \/>\n<meta name=\"twitter:card\" content=\"summary_large_image\" \/>\n<meta name=\"twitter:site\" content=\"@inguruabentura\" \/>\n<meta name=\"twitter:label1\" content=\"Dur\u00e9e de lecture estim\u00e9e\" \/>\n\t<meta name=\"twitter:data1\" content=\"1 minute\" \/>\n<script type=\"application\/ld+json\" class=\"yoast-schema-graph\">{\"@context\":\"https:\\\/\\\/schema.org\",\"@graph\":[{\"@type\":\"WebPage\",\"@id\":\"https:\\\/\\\/www.inguruabentura.com\\\/fr\\\/cheques-cadeaux\\\/\",\"url\":\"https:\\\/\\\/www.inguruabentura.com\\\/fr\\\/cheques-cadeaux\\\/\",\"name\":\"Ch\u00e8ques-cadeaux - Inguru Abentura\",\"isPartOf\":{\"@id\":\"https:\\\/\\\/www.inguruabentura.com\\\/fr\\\/#website\"},\"datePublished\":\"2014-09-09T09:45:57+00:00\",\"dateModified\":\"2025-02-19T04:25:14+00:00\",\"description\":\"Avec nos ch\u00e8ques-cadeaux, vous pouvez offrir une exp\u00e9rience pleine d'aventure et de plaisir.\",\"breadcrumb\":{\"@id\":\"https:\\\/\\\/www.inguruabentura.com\\\/fr\\\/cheques-cadeaux\\\/#breadcrumb\"},\"inLanguage\":\"fr-FR\",\"potentialAction\":[{\"@type\":\"ReadAction\",\"target\":[\"https:\\\/\\\/www.inguruabentura.com\\\/fr\\\/cheques-cadeaux\\\/\"]}]},{\"@type\":\"BreadcrumbList\",\"@id\":\"https:\\\/\\\/www.inguruabentura.com\\\/fr\\\/cheques-cadeaux\\\/#breadcrumb\",\"itemListElement\":[{\"@type\":\"ListItem\",\"position\":1,\"name\":\"Portada\",\"item\":\"https:\\\/\\\/www.inguruabentura.com\\\/fr\\\/\"},{\"@type\":\"ListItem\",\"position\":2,\"name\":\"Ch\u00e8ques-cadeaux\"}]},{\"@type\":\"WebSite\",\"@id\":\"https:\\\/\\\/www.inguruabentura.com\\\/fr\\\/#website\",\"url\":\"https:\\\/\\\/www.inguruabentura.com\\\/fr\\\/\",\"name\":\"Inguru Abentura\",\"description\":\"Deportes de Aventura y Turismo Activo en Euskadi\",\"publisher\":{\"@id\":\"https:\\\/\\\/www.inguruabentura.com\\\/fr\\\/#organization\"},\"alternateName\":\"Inguru Abentura\",\"potentialAction\":[{\"@type\":\"SearchAction\",\"target\":{\"@type\":\"EntryPoint\",\"urlTemplate\":\"https:\\\/\\\/www.inguruabentura.com\\\/fr\\\/?s={search_term_string}\"},\"query-input\":{\"@type\":\"PropertyValueSpecification\",\"valueRequired\":true,\"valueName\":\"search_term_string\"}}],\"inLanguage\":\"fr-FR\"},{\"@type\":\"Organization\",\"@id\":\"https:\\\/\\\/www.inguruabentura.com\\\/fr\\\/#organization\",\"name\":\"Inguru Abentura\",\"alternateName\":\"Inguru Abentura\",\"url\":\"https:\\\/\\\/www.inguruabentura.com\\\/fr\\\/\",\"logo\":{\"@type\":\"ImageObject\",\"inLanguage\":\"fr-FR\",\"@id\":\"https:\\\/\\\/www.inguruabentura.com\\\/fr\\\/#\\\/schema\\\/logo\\\/image\\\/\",\"url\":\"https:\\\/\\\/www.inguruabentura.com\\\/wp-content\\\/uploads\\\/2021\\\/05\\\/logo-inguru-retina.png\",\"contentUrl\":\"https:\\\/\\\/www.inguruabentura.com\\\/wp-content\\\/uploads\\\/2021\\\/05\\\/logo-inguru-retina.png\",\"width\":546,\"height\":300,\"caption\":\"Inguru Abentura\"},\"image\":{\"@id\":\"https:\\\/\\\/www.inguruabentura.com\\\/fr\\\/#\\\/schema\\\/logo\\\/image\\\/\"},\"sameAs\":[\"https:\\\/\\\/www.facebook.com\\\/Inguru-Abentura-106922632671188\\\/\",\"https:\\\/\\\/x.com\\\/inguruabentura\",\"https:\\\/\\\/www.instagram.com\\\/cristian_inguru_abentura\\\/\",\"https:\\\/\\\/www.youtube.com\\\/user\\\/InguruAbentura\",\"https:\\\/\\\/www.flickr.com\\\/photos\\\/inguru\\\/\",\"https:\\\/\\\/www.tripadvisor.es\\\/Attraction_Review-g3376952-d7364713-Reviews-Inguru_Abentura-Ermua_Province_of_Vizcaya_Basque_Country.html\"]}]}<\/script>\n<!-- \/ Yoast SEO plugin. -->","yoast_head_json":{"title":"Ch\u00e8ques-cadeaux - Inguru Abentura","description":"Avec nos ch\u00e8ques-cadeaux, vous pouvez offrir une exp\u00e9rience pleine d'aventure et de plaisir.","robots":{"index":"index","follow":"follow","max-snippet":"max-snippet:-1","max-image-preview":"max-image-preview:large","max-video-preview":"max-video-preview:-1"},"canonical":"https:\/\/www.inguruabentura.com\/fr\/cheques-cadeaux\/","og_locale":"fr_FR","og_type":"article","og_title":"Ch\u00e8ques-cadeaux - Inguru Abentura","og_description":"Avec nos ch\u00e8ques-cadeaux, vous pouvez offrir une exp\u00e9rience pleine d'aventure et de plaisir.","og_url":"https:\/\/www.inguruabentura.com\/fr\/cheques-cadeaux\/","og_site_name":"Inguru Abentura","article_publisher":"https:\/\/www.facebook.com\/Inguru-Abentura-106922632671188\/","article_modified_time":"2025-02-19T04:25:14+00:00","og_image":[{"width":1920,"height":1280,"url":"https:\/\/www.inguruabentura.com\/wp-content\/uploads\/2021\/09\/barrancos.jpg","type":"image\/jpeg"}],"twitter_card":"summary_large_image","twitter_site":"@inguruabentura","twitter_misc":{"Dur\u00e9e de lecture estim\u00e9e":"1 minute"},"schema":{"@context":"https:\/\/schema.org","@graph":[{"@type":"WebPage","@id":"https:\/\/www.inguruabentura.com\/fr\/cheques-cadeaux\/","url":"https:\/\/www.inguruabentura.com\/fr\/cheques-cadeaux\/","name":"Ch\u00e8ques-cadeaux - Inguru Abentura","isPartOf":{"@id":"https:\/\/www.inguruabentura.com\/fr\/#website"},"datePublished":"2014-09-09T09:45:57+00:00","dateModified":"2025-02-19T04:25:14+00:00","description":"Avec nos ch\u00e8ques-cadeaux, vous pouvez offrir une exp\u00e9rience pleine d'aventure et de plaisir.","breadcrumb":{"@id":"https:\/\/www.inguruabentura.com\/fr\/cheques-cadeaux\/#breadcrumb"},"inLanguage":"fr-FR","potentialAction":[{"@type":"ReadAction","target":["https:\/\/www.inguruabentura.com\/fr\/cheques-cadeaux\/"]}]},{"@type":"BreadcrumbList","@id":"https:\/\/www.inguruabentura.com\/fr\/cheques-cadeaux\/#breadcrumb","itemListElement":[{"@type":"ListItem","position":1,"name":"Portada","item":"https:\/\/www.inguruabentura.com\/fr\/"},{"@type":"ListItem","position":2,"name":"Ch\u00e8ques-cadeaux"}]},{"@type":"WebSite","@id":"https:\/\/www.inguruabentura.com\/fr\/#website","url":"https:\/\/www.inguruabentura.com\/fr\/","name":"Inguru Abentura","description":"Deportes de Aventura y Turismo Activo en Euskadi","publisher":{"@id":"https:\/\/www.inguruabentura.com\/fr\/#organization"},"alternateName":"Inguru Abentura","potentialAction":[{"@type":"SearchAction","target":{"@type":"EntryPoint","urlTemplate":"https:\/\/www.inguruabentura.com\/fr\/?s={search_term_string}"},"query-input":{"@type":"PropertyValueSpecification","valueRequired":true,"valueName":"search_term_string"}}],"inLanguage":"fr-FR"},{"@type":"Organization","@id":"https:\/\/www.inguruabentura.com\/fr\/#organization","name":"Inguru Abentura","alternateName":"Inguru Abentura","url":"https:\/\/www.inguruabentura.com\/fr\/","logo":{"@type":"ImageObject","inLanguage":"fr-FR","@id":"https:\/\/www.inguruabentura.com\/fr\/#\/schema\/logo\/image\/","url":"https:\/\/www.inguruabentura.com\/wp-content\/uploads\/2021\/05\/logo-inguru-retina.png","contentUrl":"https:\/\/www.inguruabentura.com\/wp-content\/uploads\/2021\/05\/logo-inguru-retina.png","width":546,"height":300,"caption":"Inguru Abentura"},"image":{"@id":"https:\/\/www.inguruabentura.com\/fr\/#\/schema\/logo\/image\/"},"sameAs":["https:\/\/www.facebook.com\/Inguru-Abentura-106922632671188\/","https:\/\/x.com\/inguruabentura","https:\/\/www.instagram.com\/cristian_inguru_abentura\/","https:\/\/www.youtube.com\/user\/InguruAbentura","https:\/\/www.flickr.com\/photos\/inguru\/","https:\/\/www.tripadvisor.es\/Attraction_Review-g3376952-d7364713-Reviews-Inguru_Abentura-Ermua_Province_of_Vizcaya_Basque_Country.html"]}]}},"_links":{"self":[{"href":"https:\/\/www.inguruabentura.com\/fr\/wp-json\/wp\/v2\/pages\/65609","targetHints":{"allow":["GET"]}}],"collection":[{"href":"https:\/\/www.inguruabentura.com\/fr\/wp-json\/wp\/v2\/pages"}],"about":[{"href":"https:\/\/www.inguruabentura.com\/fr\/wp-json\/wp\/v2\/types\/page"}],"author":[{"embeddable":true,"href":"https:\/\/www.inguruabentura.com\/fr\/wp-json\/wp\/v2\/users\/1"}],"replies":[{"embeddable":true,"href":"https:\/\/www.inguruabentura.com\/fr\/wp-json\/wp\/v2\/comments?post=65609"}],"version-history":[{"count":1,"href":"https:\/\/www.inguruabentura.com\/fr\/wp-json\/wp\/v2\/pages\/65609\/revisions"}],"predecessor-version":[{"id":71230,"href":"https:\/\/www.inguruabentura.com\/fr\/wp-json\/wp\/v2\/pages\/65609\/revisions\/71230"}],"wp:attachment":[{"href":"https:\/\/www.inguruabentura.com\/fr\/wp-json\/wp\/v2\/media?parent=65609"}],"curies":[{"name":"wp","href":"https:\/\/api.w.org\/{rel}","templated":true}]}}