{"id":70736,"date":"2024-11-22T14:39:08","date_gmt":"2024-11-22T13:39:08","guid":{"rendered":"https:\/\/www.inguruabentura.com\/?page_id=70736"},"modified":"2024-11-22T14:39:08","modified_gmt":"2024-11-22T13:39:08","slug":"travaillez-avec-nous","status":"publish","type":"page","link":"https:\/\/www.inguruabentura.com\/fr\/presentation\/travaillez-avec-nous\/","title":{"rendered":"TRAVAILLEZ AVEC NOUS"},"content":{"rendered":"<div class=\"wpb-content-wrapper\"><p>[vc_row type=\u00a0\u00bbvc_default\u00a0\u00bb full_width=\u00a0\u00bbstretch_row\u00a0\u00bb gap=\u00a0\u00bb30&Prime; css=\u00a0\u00bb.vc_custom_1731695370204{margin-top: 50px !important;margin-bottom: 50px !important;padding-top: 30px !important;padding-bottom: 30px !important;}\u00a0\u00bb][vc_column width=\u00a0\u00bb1\/2&Prime; css=\u00a0\u00bb.vc_custom_1731698041575{padding-top: 20px !important;padding-right: 20px !important;padding-bottom: 20px !important;padding-left: 20px !important;}\u00a0\u00bb]<div id=\"ultimate-heading-322969fec175092b3\" class=\"uvc-heading ult-adjust-bottom-margin ultimate-heading-322969fec175092b3 uvc-756 accent-border-color uvc-heading-default-font-sizes\" data-hspacer=\"line_only\"  data-halign=\"left\" style=\"text-align:left\"><div class=\"uvc-main-heading ult-responsive\"  data-ultimate-target='.uvc-heading.ultimate-heading-322969fec175092b3 h2'  data-responsive-json-new='{\"font-size\":\"\",\"line-height\":\"\"}' ><h2 style=\"--font-weight:theme;margin-bottom:15px;\">TRAVAILLEZ AVEC NOUS<\/h2><\/div><div class=\"uvc-heading-spacer line_only\" style=\"margin-bottom:15px;height:4px;\"><span class=\"uvc-headings-line\" style=\"border-style:solid;border-bottom-width:4px;border-color:#ccc;width:150px;\"><\/span><\/div><div class=\"uvc-sub-heading ult-responsive\"  data-ultimate-target='.uvc-heading.ultimate-heading-322969fec175092b3 .uvc-sub-heading '  data-responsive-json-new='{\"font-size\":\"\",\"line-height\":\"\"}'  style=\"font-weight:normal;color:#ffffff;margin-bottom:25px;\"><\/p>\n<h3>Rejoignez Notre Aventure<\/h3>\n<p><\/div><\/div>[vc_column_text css=\u00a0\u00bb.vc_custom_1732282486568{margin-bottom: 25px !important;}\u00a0\u00bb]Vous \u00eates passionn\u00e9 par la nature, le sport et la cr\u00e9ation d\u2019exp\u00e9riences inoubliables en plein air ? Chez Inguru Abentura, nous sommes toujours \u00e0 la recherche de personnes qui partagent notre amour pour l\u2019aventure et notre engagement \u00e0 offrir \u00e0 nos clients des exp\u00e9riences uniques et m\u00e9morables.<\/p>\n<p>Si vous \u00eates une personne dynamique, pr\u00eate \u00e0 apprendre, dot\u00e9e de comp\u00e9tences en leadership et d&rsquo;un sens aigu de la s\u00e9curit\u00e9, nous voulons vous rencontrer ! Ici, vous aurez l\u2019opportunit\u00e9 de faire partie d\u2019une \u00e9quipe qui s\u2019\u00e9panouit chaque jour en montagne, sur la rivi\u00e8re ou dans les airs, en faisant ce que nous aimons le plus.[\/vc_column_text]<div class=\"standard-arrow list-divider bullet-top\"><p>Nous offrons :<\/p>\n<ul>\n<li>Un environnement de travail inspirant, entour\u00e9 par la nature.<\/li>\n<li>Une formation continue dans les activit\u00e9s d&rsquo;aventure.<\/li>\n<li>Des opportunit\u00e9s de croissance et de d\u00e9veloppement dans le secteur.<\/li>\n<\/ul>\n<\/div>[vc_column_text css=\u00a0\u00bb\u00a0\u00bb]<\/p>\n<h3>Pr\u00eat \u00e0 emmener nos clients au-del\u00e0 de leurs limites et \u00e0 cr\u00e9er des souvenirs durables ? Envoyez-nous votre CV et rejoignez notre famille ! L\u2019aventure commence ici.<\/h3>\n<p>[\/vc_column_text][vc_separator css=\u00a0\u00bb.vc_custom_1731945419221{margin-top: 15px !important;margin-bottom: 15px !important;}\u00a0\u00bb]<style type=\"text\/css\" data-type=\"the7_shortcodes-inline-css\">.icon-with-text-shortcode.icon-text-id-060be4576559c52a4d73a688de506488 .text-icon {\n  width: 60px;\n  height: 60px;\n  line-height: 60px;\n  font-size: 32px;\n  border-radius: 200px;\n  margin: 0px 0px 0px 10px;\n}\n.icon-with-text-shortcode.icon-text-id-060be4576559c52a4d73a688de506488 .text-icon .icon-inner {\n  min-width: 60px;\n  min-height: 60px;\n  border-radius: 200px;\n}\n@media all and (-ms-high-contrast: none) {\n  .icon-with-text-shortcode.icon-text-id-060be4576559c52a4d73a688de506488 .text-icon .icon-inner {\n    height: 60px;\n  }\n}\n.icon-with-text-shortcode.icon-text-id-060be4576559c52a4d73a688de506488 .text-icon .dt-hover-icon {\n  line-height: 60px;\n}\n.icon-with-text-shortcode.icon-text-id-060be4576559c52a4d73a688de506488 .text-icon:before,\n.icon-with-text-shortcode.icon-text-id-060be4576559c52a4d73a688de506488 .text-icon:after,\n.icon-with-text-shortcode.icon-text-id-060be4576559c52a4d73a688de506488 .text-icon .icon-inner:before,\n.icon-with-text-shortcode.icon-text-id-060be4576559c52a4d73a688de506488 .text-icon .icon-inner:after {\n  min-width: 100%;\n  min-height: 100%;\n  padding: inherit;\n  border-radius: inherit;\n}\n.icon-with-text-shortcode.icon-text-id-060be4576559c52a4d73a688de506488 .text-icon.dt-icon-border-on:before {\n  border-width: 2px;\n  border-style: solid;\n}\n.dt-icon-border-dashed.icon-with-text-shortcode.icon-text-id-060be4576559c52a4d73a688de506488 .text-icon.dt-icon-border-on:before {\n  border-style: dashed;\n}\n.dt-icon-border-dotted.icon-with-text-shortcode.icon-text-id-060be4576559c52a4d73a688de506488 .text-icon.dt-icon-border-on:before {\n  border-style: dotted;\n}\n.dt-icon-border-double.icon-with-text-shortcode.icon-text-id-060be4576559c52a4d73a688de506488 .text-icon.dt-icon-border-on:before {\n  border-style: double;\n}\n.icon-with-text-shortcode.icon-text-id-060be4576559c52a4d73a688de506488 .text-icon.dt-icon-border-dashed.dt-icon-border-on:before {\n  border-style: dashed;\n}\n.icon-with-text-shortcode.icon-text-id-060be4576559c52a4d73a688de506488 .text-icon.dt-icon-border-dotted.dt-icon-border-on:before {\n  border-style: dotted;\n}\n.icon-with-text-shortcode.icon-text-id-060be4576559c52a4d73a688de506488 .text-icon.dt-icon-border-double.dt-icon-border-on:before {\n  border-style: double;\n}\n.icon-with-text-shortcode.icon-text-id-060be4576559c52a4d73a688de506488 .text-icon.dt-icon-hover-border-on:after {\n  border-width: 2px;\n  border-style: solid;\n}\n.icon-with-text-shortcode.icon-text-id-060be4576559c52a4d73a688de506488 .text-icon.dt-icon-border-dashed.dt-icon-hover-border-on:after {\n  border-style: dashed;\n}\n.icon-with-text-shortcode.icon-text-id-060be4576559c52a4d73a688de506488 .text-icon.dt-icon-border-dotted.dt-icon-hover-border-on:after {\n  border-style: dotted;\n}\n.icon-with-text-shortcode.icon-text-id-060be4576559c52a4d73a688de506488 .text-icon.dt-icon-border-double.dt-icon-hover-border-on:after {\n  border-style: double;\n}\n.icon-with-text-shortcode.icon-text-id-060be4576559c52a4d73a688de506488 .text-icon.dt-icon-hover-on:hover {\n  font-size: 32px;\n}\n#page .icon-with-text-shortcode.icon-text-id-060be4576559c52a4d73a688de506488 .text-icon.dt-icon-hover-on:hover .soc-font-icon,\n#phantom .icon-with-text-shortcode.icon-text-id-060be4576559c52a4d73a688de506488 .text-icon.dt-icon-hover-on:hover .soc-font-icon,\n#page .icon-with-text-shortcode.icon-text-id-060be4576559c52a4d73a688de506488 .text-icon.dt-icon-hover-on:hover .soc-icon,\n#phantom .icon-with-text-shortcode.icon-text-id-060be4576559c52a4d73a688de506488 .text-icon.dt-icon-hover-on:hover .soc-icon {\n  color: #ffffff;\n  background: none;\n}\n#page .icon-with-text-shortcode.icon-text-id-060be4576559c52a4d73a688de506488 .text-icon.dt-icon-hover-bg-on .icon-inner:after,\n#phantom .icon-with-text-shortcode.icon-text-id-060be4576559c52a4d73a688de506488 .text-icon.dt-icon-hover-bg-on .icon-inner:after {\n  background: #1e73be;\n}\n.icon-with-text-shortcode.icon-text-id-060be4576559c52a4d73a688de506488.layout-1 {\n  grid-template-columns: 60px minmax(0,1fr);\n  grid-column-gap: 10px;\n}\n.icon-with-text-shortcode.icon-text-id-060be4576559c52a4d73a688de506488.layout-2 {\n  grid-template-columns: minmax(0,1fr) 60px;\n  grid-column-gap: 10px;\n}\n.icon-with-text-shortcode.icon-text-id-060be4576559c52a4d73a688de506488.layout-2 .text-icon {\n  margin-left: 0;\n}\n.icon-with-text-shortcode.icon-text-id-060be4576559c52a4d73a688de506488.layout-3 {\n  grid-template-columns: 60px minmax(0,1fr);\n}\n.icon-with-text-shortcode.icon-text-id-060be4576559c52a4d73a688de506488.layout-3 .dt-text-title {\n  margin-left: 0px;\n}\n.icon-with-text-shortcode.icon-text-id-060be4576559c52a4d73a688de506488 .dt-text-title,\n.icon-with-text-shortcode.icon-text-id-060be4576559c52a4d73a688de506488 .dt-text-title a {\n  font-weight: bold;\n}\n.icon-with-text-shortcode.icon-text-id-060be4576559c52a4d73a688de506488 .dt-text-title {\n  margin-bottom: 0px;\n}\n.icon-with-text-shortcode.icon-text-id-060be4576559c52a4d73a688de506488 .dt-text-desc {\n  margin-bottom: 0px;\n}<\/style><div class=\"icon-with-text-shortcode  icon-text-id-060be4576559c52a4d73a688de506488 layout-3  \" ><a class=\"block-link anchor-link\"  href=\"mailto:trabajaconnosotros@inguruabentura.com\"><\/a><a href=\"mailto:trabajaconnosotros@inguruabentura.com\" class=\"anchor-link text-icon dt-icon-bg-off dt-icon-hover-on dt-icon-hover-bg-on\"><span class=\"icon-inner\"><i class=\"dt-regular-icon soc-icon icomoon-the7-font-the7-mail-mail-06\"><\/i><i class=\"dt-hover-icon soc-icon icomoon-the7-font-the7-mail-mail-06\"><\/i><\/span><\/a><h4 class=\"dt-text-title anchor-link\"><a class=\"anchor-link\"  href=\"mailto:trabajaconnosotros@inguruabentura.com\">trabajaconnosotros@inguruabentura.com<\/a><\/h4><\/div>[\/vc_column][vc_column width=\u00a0\u00bb1\/2&Prime; css=\u00a0\u00bb.vc_custom_1731680584229{padding-top: 20px !important;padding-right: 20px !important;padding-bottom: 20px !important;padding-left: 20px !important;background-color: #eaeaea !important;border-radius: 20px !important;}\u00a0\u00bb][vc_column_text css=\u00a0\u00bb.vc_custom_1732282538263{margin-bottom: 25px !important;}\u00a0\u00bb]<strong>Envoyez votre CV sous la forme suivante :<\/strong>[\/vc_column_text]\n<div class=\"wpcf7 no-js\" id=\"wpcf7-f70782-o1\" lang=\"fr-FR\" dir=\"ltr\" data-wpcf7-id=\"70782\">\n<div class=\"screen-reader-response\"><p role=\"status\" aria-live=\"polite\" aria-atomic=\"true\"><\/p> <ul><\/ul><\/div>\n<form action=\"\/fr\/wp-json\/wp\/v2\/pages\/70736#wpcf7-f70782-o1\" method=\"post\" class=\"wpcf7-form init\" aria-label=\"Formulaire de contact\" enctype=\"multipart\/form-data\" novalidate=\"novalidate\" data-status=\"init\">\n<fieldset class=\"hidden-fields-container\"><input type=\"hidden\" name=\"_wpcf7\" value=\"70782\" \/><input type=\"hidden\" name=\"_wpcf7_version\" value=\"6.1.5\" \/><input type=\"hidden\" name=\"_wpcf7_locale\" value=\"fr_FR\" \/><input type=\"hidden\" name=\"_wpcf7_unit_tag\" value=\"wpcf7-f70782-o1\" \/><input type=\"hidden\" name=\"_wpcf7_container_post\" value=\"0\" \/><input type=\"hidden\" name=\"_wpcf7_posted_data_hash\" value=\"\" \/><input type=\"hidden\" name=\"_wpcf7_recaptcha_response\" value=\"\" \/>\n<\/fieldset>\n<p><label> Nom et pr\u00e9nom<br \/>\n<span class=\"wpcf7-form-control-wrap\" data-name=\"your-name\"><input size=\"40\" maxlength=\"400\" class=\"wpcf7-form-control wpcf7-text wpcf7-validates-as-required\" autocomplete=\"name\" aria-required=\"true\" aria-invalid=\"false\" value=\"\" type=\"text\" name=\"your-name\" \/><\/span> <\/label>\n<\/p>\n<p><label> E-mail<br \/>\n<span class=\"wpcf7-form-control-wrap\" data-name=\"your-email\"><input size=\"40\" maxlength=\"400\" class=\"wpcf7-form-control wpcf7-email wpcf7-validates-as-required wpcf7-text wpcf7-validates-as-email\" autocomplete=\"email\" aria-required=\"true\" aria-invalid=\"false\" value=\"\" type=\"email\" name=\"your-email\" \/><\/span> <\/label>\n<\/p>\n<p><label> T\u00e9l\u00e9phone:<br \/>\n<span class=\"wpcf7-form-control-wrap\" data-name=\"your-phone\"><input size=\"40\" maxlength=\"400\" class=\"wpcf7-form-control wpcf7-text wpcf7-validates-as-required\" aria-required=\"true\" aria-invalid=\"false\" value=\"\" type=\"text\" name=\"your-phone\" \/><\/span> <\/label>\n<\/p>\n<p><label> Laisser un message (facultatif)<br \/>\n<span class=\"wpcf7-form-control-wrap\" data-name=\"your-message\"><textarea cols=\"40\" rows=\"10\" maxlength=\"2000\" class=\"wpcf7-form-control wpcf7-textarea\" aria-invalid=\"false\" name=\"your-message\"><\/textarea><\/span> <\/label>\n<\/p>\n<p><label> Joindre votre CV (Uniquement en pdf ou jpeg, taille max. 10 Mo)<\/label><br \/>\n<span class=\"wpcf7-form-control-wrap\" data-name=\"file-cv\"><input size=\"40\" class=\"wpcf7-form-control wpcf7-file\" accept=\"image\/jpeg,application\/pdf\" aria-invalid=\"false\" type=\"file\" name=\"file-cv\" \/><\/span>\n<\/p>\n<p><span class=\"wpcf7-form-control-wrap\" data-name=\"Privacidad\"><span class=\"wpcf7-form-control wpcf7-acceptance\"><span class=\"wpcf7-list-item\"><label><input type=\"checkbox\" name=\"Privacidad\" value=\"1\" aria-invalid=\"false\" \/><span class=\"wpcf7-list-item-label\">J'ai lu et j'accepte la politique de confidentialit\u00e9<\/span><\/label><\/span><\/span><\/span>\n<\/p>\n<p><input class=\"wpcf7-form-control wpcf7-submit has-spinner\" type=\"submit\" value=\"Envoyer\" \/>\n<\/p>\n<p class=\"text-small\">Informations sur les donn\u00e9es personnelles que vous fournissez dans ce formulaire. <strong>Responsable:<\/strong> INGURU ABENTURA \u2013 CRG Gu\u00eda de Barrancos S.L.U. <strong>Objectif:<\/strong> envoyer les informations dont l'utilisateur a besoin via le site Web.<strong> Destinataires:<\/strong> Les donn\u00e9es ne seront pas c\u00e9d\u00e9es \u00e0 des tiers, sauf dans les cas o\u00f9 il existe une obligation l\u00e9gale et seront stock\u00e9es dans des fichiers appartenant \u00e0 INGURU ABENTURA \u2013 CRG Gu\u00eda de Barrancos S.L.u. avec la plus grande discr\u00e9tion et s\u00e9curit\u00e9 pour ceux-ci situ\u00e9s sur les serveurs de l'h\u00e9bergeur (OVH) inguruabentura.com au sein de l'UE. <strong>Droits: <\/strong> Vous pouvez exercer vos droits d'acc\u00e8s, de rectification, de limitation et de suppression des donn\u00e9es en en faisant la demande \u00e0 l'adresse suivante info@inguruabentura.com. <strong>Informations compl\u00e9mentaires:<\/strong> Vous pouvez consulter des informations compl\u00e9mentaires et d\u00e9taill\u00e9es sur la protection des donn\u00e9es dans nos <a href=\"\" target=\"\" rel=\"\">Mentions L\u00e9gales<\/a> et <a href=\"\" target=\"\" rel=\"\">Politique de Confidentialit\u00e9<\/a>.\n<\/p><div class=\"wpcf7-response-output\" aria-hidden=\"true\"><\/div>\n<\/form>\n<\/div>\n[\/vc_column][\/vc_row]<\/p>\n<\/div>","protected":false},"excerpt":{"rendered":"<p>[vc_row type=\u00a0\u00bbvc_default\u00a0\u00bb full_width=\u00a0\u00bbstretch_row\u00a0\u00bb gap=\u00a0\u00bb30&Prime; css=\u00a0\u00bb.vc_custom_1731695370204{margin-top: 50px !important;margin-bottom: 50px !important;padding-top: 30px !important;padding-bottom: 30px !important;}\u00a0\u00bb][vc_column width=\u00a0\u00bb1\/2&Prime; css=\u00a0\u00bb.vc_custom_1731698041575{padding-top: 20px !important;padding-right: 20px !important;padding-bottom: 20px !important;padding-left: 20px !important;}\u00a0\u00bb][vc_column_text css=\u00a0\u00bb.vc_custom_1732282486568{margin-bottom: 25px !important;}\u00a0\u00bb]Vous \u00eates passionn\u00e9 par la nature, le sport et la cr\u00e9ation d\u2019exp\u00e9riences inoubliables en plein air ? Chez Inguru Abentura, nous sommes toujours \u00e0 la recherche de personnes qui partagent&hellip;<\/p>\n","protected":false},"author":1,"featured_media":0,"parent":66131,"menu_order":90,"comment_status":"closed","ping_status":"closed","template":"","meta":{"footnotes":""},"class_list":["post-70736","page","type-page","status-publish","hentry","description-off"],"yoast_head":"<!-- This site is optimized with the Yoast SEO plugin v27.5 - https:\/\/yoast.com\/product\/yoast-seo-wordpress\/ -->\n<title>TRAVAILLEZ AVEC NOUS - Inguru Abentura<\/title>\n<meta name=\"description\" content=\"Con nuestros bonos regalo puedes regalar una experiencia llena de Aventura y diversi\u00f3n.\" \/>\n<meta name=\"robots\" content=\"index, follow, max-snippet:-1, max-image-preview:large, max-video-preview:-1\" \/>\n<link rel=\"canonical\" href=\"https:\/\/www.inguruabentura.com\/fr\/presentation\/travaillez-avec-nous\/\" \/>\n<meta property=\"og:locale\" content=\"fr_FR\" \/>\n<meta property=\"og:type\" content=\"article\" \/>\n<meta property=\"og:title\" content=\"TRAVAILLEZ AVEC NOUS - Inguru Abentura\" \/>\n<meta property=\"og:description\" content=\"Con nuestros bonos regalo puedes regalar una experiencia llena de Aventura y diversi\u00f3n.\" \/>\n<meta property=\"og:url\" content=\"https:\/\/www.inguruabentura.com\/fr\/presentation\/travaillez-avec-nous\/\" \/>\n<meta property=\"og:site_name\" content=\"Inguru Abentura\" \/>\n<meta property=\"article:publisher\" content=\"https:\/\/www.facebook.com\/Inguru-Abentura-106922632671188\/\" \/>\n<meta property=\"og:image\" content=\"https:\/\/www.inguruabentura.com\/wp-content\/uploads\/2021\/09\/barrancos.jpg\" \/>\n\t<meta property=\"og:image:width\" content=\"1920\" \/>\n\t<meta property=\"og:image:height\" content=\"1280\" \/>\n\t<meta property=\"og:image:type\" content=\"image\/jpeg\" \/>\n<meta name=\"twitter:card\" content=\"summary_large_image\" \/>\n<meta name=\"twitter:site\" content=\"@inguruabentura\" \/>\n<meta name=\"twitter:label1\" content=\"Dur\u00e9e de lecture estim\u00e9e\" \/>\n\t<meta name=\"twitter:data1\" content=\"2 minutes\" \/>\n<script type=\"application\/ld+json\" class=\"yoast-schema-graph\">{\"@context\":\"https:\\\/\\\/schema.org\",\"@graph\":[{\"@type\":\"WebPage\",\"@id\":\"https:\\\/\\\/www.inguruabentura.com\\\/fr\\\/presentation\\\/travaillez-avec-nous\\\/\",\"url\":\"https:\\\/\\\/www.inguruabentura.com\\\/fr\\\/presentation\\\/travaillez-avec-nous\\\/\",\"name\":\"TRAVAILLEZ AVEC NOUS - Inguru Abentura\",\"isPartOf\":{\"@id\":\"https:\\\/\\\/www.inguruabentura.com\\\/fr\\\/#website\"},\"datePublished\":\"2024-11-22T13:39:08+00:00\",\"description\":\"Con nuestros bonos regalo puedes regalar una experiencia llena de Aventura y diversi\u00f3n.\",\"breadcrumb\":{\"@id\":\"https:\\\/\\\/www.inguruabentura.com\\\/fr\\\/presentation\\\/travaillez-avec-nous\\\/#breadcrumb\"},\"inLanguage\":\"fr-FR\",\"potentialAction\":[{\"@type\":\"ReadAction\",\"target\":[\"https:\\\/\\\/www.inguruabentura.com\\\/fr\\\/presentation\\\/travaillez-avec-nous\\\/\"]}]},{\"@type\":\"BreadcrumbList\",\"@id\":\"https:\\\/\\\/www.inguruabentura.com\\\/fr\\\/presentation\\\/travaillez-avec-nous\\\/#breadcrumb\",\"itemListElement\":[{\"@type\":\"ListItem\",\"position\":1,\"name\":\"Portada\",\"item\":\"https:\\\/\\\/www.inguruabentura.com\\\/fr\\\/\"},{\"@type\":\"ListItem\",\"position\":2,\"name\":\"Inguru Abentura\",\"item\":\"https:\\\/\\\/www.inguruabentura.com\\\/fr\\\/presentation\\\/\"},{\"@type\":\"ListItem\",\"position\":3,\"name\":\"TRAVAILLEZ AVEC NOUS\"}]},{\"@type\":\"WebSite\",\"@id\":\"https:\\\/\\\/www.inguruabentura.com\\\/fr\\\/#website\",\"url\":\"https:\\\/\\\/www.inguruabentura.com\\\/fr\\\/\",\"name\":\"Inguru Abentura\",\"description\":\"Deportes de Aventura y Turismo Activo en Euskadi\",\"publisher\":{\"@id\":\"https:\\\/\\\/www.inguruabentura.com\\\/fr\\\/#organization\"},\"alternateName\":\"Inguru Abentura\",\"potentialAction\":[{\"@type\":\"SearchAction\",\"target\":{\"@type\":\"EntryPoint\",\"urlTemplate\":\"https:\\\/\\\/www.inguruabentura.com\\\/fr\\\/?s={search_term_string}\"},\"query-input\":{\"@type\":\"PropertyValueSpecification\",\"valueRequired\":true,\"valueName\":\"search_term_string\"}}],\"inLanguage\":\"fr-FR\"},{\"@type\":\"Organization\",\"@id\":\"https:\\\/\\\/www.inguruabentura.com\\\/fr\\\/#organization\",\"name\":\"Inguru Abentura\",\"alternateName\":\"Inguru Abentura\",\"url\":\"https:\\\/\\\/www.inguruabentura.com\\\/fr\\\/\",\"logo\":{\"@type\":\"ImageObject\",\"inLanguage\":\"fr-FR\",\"@id\":\"https:\\\/\\\/www.inguruabentura.com\\\/fr\\\/#\\\/schema\\\/logo\\\/image\\\/\",\"url\":\"https:\\\/\\\/www.inguruabentura.com\\\/wp-content\\\/uploads\\\/2021\\\/05\\\/logo-inguru-retina.png\",\"contentUrl\":\"https:\\\/\\\/www.inguruabentura.com\\\/wp-content\\\/uploads\\\/2021\\\/05\\\/logo-inguru-retina.png\",\"width\":546,\"height\":300,\"caption\":\"Inguru Abentura\"},\"image\":{\"@id\":\"https:\\\/\\\/www.inguruabentura.com\\\/fr\\\/#\\\/schema\\\/logo\\\/image\\\/\"},\"sameAs\":[\"https:\\\/\\\/www.facebook.com\\\/Inguru-Abentura-106922632671188\\\/\",\"https:\\\/\\\/x.com\\\/inguruabentura\",\"https:\\\/\\\/www.instagram.com\\\/cristian_inguru_abentura\\\/\",\"https:\\\/\\\/www.youtube.com\\\/user\\\/InguruAbentura\",\"https:\\\/\\\/www.flickr.com\\\/photos\\\/inguru\\\/\",\"https:\\\/\\\/www.tripadvisor.es\\\/Attraction_Review-g3376952-d7364713-Reviews-Inguru_Abentura-Ermua_Province_of_Vizcaya_Basque_Country.html\"]}]}<\/script>\n<!-- \/ Yoast SEO plugin. -->","yoast_head_json":{"title":"TRAVAILLEZ AVEC NOUS - Inguru Abentura","description":"Con nuestros bonos regalo puedes regalar una experiencia llena de Aventura y diversi\u00f3n.","robots":{"index":"index","follow":"follow","max-snippet":"max-snippet:-1","max-image-preview":"max-image-preview:large","max-video-preview":"max-video-preview:-1"},"canonical":"https:\/\/www.inguruabentura.com\/fr\/presentation\/travaillez-avec-nous\/","og_locale":"fr_FR","og_type":"article","og_title":"TRAVAILLEZ AVEC NOUS - Inguru Abentura","og_description":"Con nuestros bonos regalo puedes regalar una experiencia llena de Aventura y diversi\u00f3n.","og_url":"https:\/\/www.inguruabentura.com\/fr\/presentation\/travaillez-avec-nous\/","og_site_name":"Inguru Abentura","article_publisher":"https:\/\/www.facebook.com\/Inguru-Abentura-106922632671188\/","og_image":[{"width":1920,"height":1280,"url":"https:\/\/www.inguruabentura.com\/wp-content\/uploads\/2021\/09\/barrancos.jpg","type":"image\/jpeg"}],"twitter_card":"summary_large_image","twitter_site":"@inguruabentura","twitter_misc":{"Dur\u00e9e de lecture estim\u00e9e":"2 minutes"},"schema":{"@context":"https:\/\/schema.org","@graph":[{"@type":"WebPage","@id":"https:\/\/www.inguruabentura.com\/fr\/presentation\/travaillez-avec-nous\/","url":"https:\/\/www.inguruabentura.com\/fr\/presentation\/travaillez-avec-nous\/","name":"TRAVAILLEZ AVEC NOUS - Inguru Abentura","isPartOf":{"@id":"https:\/\/www.inguruabentura.com\/fr\/#website"},"datePublished":"2024-11-22T13:39:08+00:00","description":"Con nuestros bonos regalo puedes regalar una experiencia llena de Aventura y diversi\u00f3n.","breadcrumb":{"@id":"https:\/\/www.inguruabentura.com\/fr\/presentation\/travaillez-avec-nous\/#breadcrumb"},"inLanguage":"fr-FR","potentialAction":[{"@type":"ReadAction","target":["https:\/\/www.inguruabentura.com\/fr\/presentation\/travaillez-avec-nous\/"]}]},{"@type":"BreadcrumbList","@id":"https:\/\/www.inguruabentura.com\/fr\/presentation\/travaillez-avec-nous\/#breadcrumb","itemListElement":[{"@type":"ListItem","position":1,"name":"Portada","item":"https:\/\/www.inguruabentura.com\/fr\/"},{"@type":"ListItem","position":2,"name":"Inguru Abentura","item":"https:\/\/www.inguruabentura.com\/fr\/presentation\/"},{"@type":"ListItem","position":3,"name":"TRAVAILLEZ AVEC NOUS"}]},{"@type":"WebSite","@id":"https:\/\/www.inguruabentura.com\/fr\/#website","url":"https:\/\/www.inguruabentura.com\/fr\/","name":"Inguru Abentura","description":"Deportes de Aventura y Turismo Activo en Euskadi","publisher":{"@id":"https:\/\/www.inguruabentura.com\/fr\/#organization"},"alternateName":"Inguru Abentura","potentialAction":[{"@type":"SearchAction","target":{"@type":"EntryPoint","urlTemplate":"https:\/\/www.inguruabentura.com\/fr\/?s={search_term_string}"},"query-input":{"@type":"PropertyValueSpecification","valueRequired":true,"valueName":"search_term_string"}}],"inLanguage":"fr-FR"},{"@type":"Organization","@id":"https:\/\/www.inguruabentura.com\/fr\/#organization","name":"Inguru Abentura","alternateName":"Inguru Abentura","url":"https:\/\/www.inguruabentura.com\/fr\/","logo":{"@type":"ImageObject","inLanguage":"fr-FR","@id":"https:\/\/www.inguruabentura.com\/fr\/#\/schema\/logo\/image\/","url":"https:\/\/www.inguruabentura.com\/wp-content\/uploads\/2021\/05\/logo-inguru-retina.png","contentUrl":"https:\/\/www.inguruabentura.com\/wp-content\/uploads\/2021\/05\/logo-inguru-retina.png","width":546,"height":300,"caption":"Inguru Abentura"},"image":{"@id":"https:\/\/www.inguruabentura.com\/fr\/#\/schema\/logo\/image\/"},"sameAs":["https:\/\/www.facebook.com\/Inguru-Abentura-106922632671188\/","https:\/\/x.com\/inguruabentura","https:\/\/www.instagram.com\/cristian_inguru_abentura\/","https:\/\/www.youtube.com\/user\/InguruAbentura","https:\/\/www.flickr.com\/photos\/inguru\/","https:\/\/www.tripadvisor.es\/Attraction_Review-g3376952-d7364713-Reviews-Inguru_Abentura-Ermua_Province_of_Vizcaya_Basque_Country.html"]}]}},"_links":{"self":[{"href":"https:\/\/www.inguruabentura.com\/fr\/wp-json\/wp\/v2\/pages\/70736","targetHints":{"allow":["GET"]}}],"collection":[{"href":"https:\/\/www.inguruabentura.com\/fr\/wp-json\/wp\/v2\/pages"}],"about":[{"href":"https:\/\/www.inguruabentura.com\/fr\/wp-json\/wp\/v2\/types\/page"}],"author":[{"embeddable":true,"href":"https:\/\/www.inguruabentura.com\/fr\/wp-json\/wp\/v2\/users\/1"}],"replies":[{"embeddable":true,"href":"https:\/\/www.inguruabentura.com\/fr\/wp-json\/wp\/v2\/comments?post=70736"}],"version-history":[{"count":0,"href":"https:\/\/www.inguruabentura.com\/fr\/wp-json\/wp\/v2\/pages\/70736\/revisions"}],"up":[{"embeddable":true,"href":"https:\/\/www.inguruabentura.com\/fr\/wp-json\/wp\/v2\/pages\/66131"}],"wp:attachment":[{"href":"https:\/\/www.inguruabentura.com\/fr\/wp-json\/wp\/v2\/media?parent=70736"}],"curies":[{"name":"wp","href":"https:\/\/api.w.org\/{rel}","templated":true}]}}