{"id":65617,"date":"2022-04-29T11:47:06","date_gmt":"2022-05-06T09:53:33","guid":{"rendered":"https:\/\/www.inguruabentura.com\/producto\/bono-regalo-descenso-barranco-la-leze\/"},"modified":"2024-11-13T18:29:00","modified_gmt":"2024-11-13T17:29:00","slug":"cheque-cadeau-canyoning-la-leze","status":"publish","type":"product","link":"https:\/\/www.inguruabentura.com\/fr\/producto\/cheque-cadeau-canyoning-la-leze\/","title":{"rendered":"Ch\u00e8que-cadeau: Canyoning LA LEZE"},"content":{"rendered":"<p>Si vous voulez conna\u00eetre les d\u00e9tails de la Descente du Barranco de LA LEZE \u00e0 Araba, <a href=\"https:\/\/www.inguruabentura.com\/fr\/actividades\/canyon-la-leze\/\" target=\"_blank\" rel=\"noopener\">cliquez ici<\/a>.<\/p>\n","protected":false},"excerpt":{"rendered":"<p>Joyau de la couronne du canyoning basque, le prix Fitur 2022 est le meilleur cadeau pour entrer dans le monde du canyoning avec Inguru Abentura.<\/p>\n<ul>\n<li>Niveau interm\u00e9diaire 85 \u20ac<\/li>\n<\/ul>\n","protected":false},"featured_media":65302,"template":"","meta":[],"product_brand":[],"product_cat":[661],"product_tag":[],"class_list":{"0":"post-65617","1":"product","2":"type-product","3":"status-publish","4":"has-post-thumbnail","6":"product_cat-cheques-cadeaux","7":"description-off","9":"first","10":"instock","11":"taxable","12":"shipping-taxable","13":"purchasable","14":"product-type-pw-gift-card","15":"has-default-attributes"},"exclude_global_add_ons":[],"addons":[],"yoast_head":"<!-- This site is optimized with the Yoast SEO plugin v27.5 - https:\/\/yoast.com\/product\/yoast-seo-wordpress\/ -->\n<title>Ch\u00e8que-cadeau: Canyoning LA LEZE - Inguru Abentura<\/title>\n<meta name=\"description\" content=\"Joyau de la couronne du canyoning basque, le prix Fitur 2022 est le meilleur cadeau pour entrer dans le monde du canyoning avec Inguru Abentura.\" \/>\n<meta name=\"robots\" content=\"noindex, follow\" \/>\n<meta property=\"og:locale\" content=\"fr_FR\" \/>\n<meta property=\"og:type\" content=\"article\" \/>\n<meta property=\"og:title\" content=\"Ch\u00e8que-cadeau: Canyoning LA LEZE - Inguru Abentura\" \/>\n<meta property=\"og:description\" content=\"Joyau de la couronne du canyoning basque, le prix Fitur 2022 est le meilleur cadeau pour entrer dans le monde du canyoning avec Inguru Abentura.\" \/>\n<meta property=\"og:url\" content=\"https:\/\/www.inguruabentura.com\/fr\/producto\/cheque-cadeau-canyoning-la-leze\/\" \/>\n<meta property=\"og:site_name\" content=\"Inguru Abentura\" \/>\n<meta property=\"article:publisher\" content=\"https:\/\/www.facebook.com\/Inguru-Abentura-106922632671188\/\" \/>\n<meta property=\"article:modified_time\" content=\"2024-11-13T17:29:00+00:00\" \/>\n<meta property=\"og:image\" content=\"https:\/\/www.inguruabentura.com\/wp-content\/uploads\/2022\/04\/bono-inguru-LA-LEZE.jpg\" \/>\n\t<meta property=\"og:image:width\" content=\"900\" \/>\n\t<meta property=\"og:image:height\" content=\"546\" \/>\n\t<meta property=\"og:image:type\" content=\"image\/jpeg\" \/>\n<meta name=\"twitter:card\" content=\"summary_large_image\" \/>\n<meta name=\"twitter:site\" content=\"@inguruabentura\" \/>\n<meta name=\"twitter:label1\" content=\"Dur\u00e9e de lecture estim\u00e9e\" \/>\n\t<meta name=\"twitter:data1\" content=\"1 minute\" \/>\n<script type=\"application\/ld+json\" class=\"yoast-schema-graph\">{\"@context\":\"https:\\\/\\\/schema.org\",\"@graph\":[{\"@type\":\"WebPage\",\"@id\":\"https:\\\/\\\/www.inguruabentura.com\\\/fr\\\/producto\\\/cheque-cadeau-canyoning-la-leze\\\/\",\"url\":\"https:\\\/\\\/www.inguruabentura.com\\\/fr\\\/producto\\\/cheque-cadeau-canyoning-la-leze\\\/\",\"name\":\"Ch\u00e8que-cadeau: Canyoning LA LEZE - Inguru Abentura\",\"isPartOf\":{\"@id\":\"https:\\\/\\\/www.inguruabentura.com\\\/fr\\\/#website\"},\"primaryImageOfPage\":{\"@id\":\"https:\\\/\\\/www.inguruabentura.com\\\/fr\\\/producto\\\/cheque-cadeau-canyoning-la-leze\\\/#primaryimage\"},\"image\":{\"@id\":\"https:\\\/\\\/www.inguruabentura.com\\\/fr\\\/producto\\\/cheque-cadeau-canyoning-la-leze\\\/#primaryimage\"},\"thumbnailUrl\":\"https:\\\/\\\/www.inguruabentura.com\\\/wp-content\\\/uploads\\\/2022\\\/04\\\/bono-inguru-LA-LEZE.jpg\",\"datePublished\":\"2022-05-06T09:53:33+00:00\",\"dateModified\":\"2024-11-13T17:29:00+00:00\",\"description\":\"Joyau de la couronne du canyoning basque, le prix Fitur 2022 est le meilleur cadeau pour entrer dans le monde du canyoning avec Inguru Abentura.\",\"breadcrumb\":{\"@id\":\"https:\\\/\\\/www.inguruabentura.com\\\/fr\\\/producto\\\/cheque-cadeau-canyoning-la-leze\\\/#breadcrumb\"},\"inLanguage\":\"fr-FR\",\"potentialAction\":[{\"@type\":\"ReadAction\",\"target\":[\"https:\\\/\\\/www.inguruabentura.com\\\/fr\\\/producto\\\/cheque-cadeau-canyoning-la-leze\\\/\"]}]},{\"@type\":\"ImageObject\",\"inLanguage\":\"fr-FR\",\"@id\":\"https:\\\/\\\/www.inguruabentura.com\\\/fr\\\/producto\\\/cheque-cadeau-canyoning-la-leze\\\/#primaryimage\",\"url\":\"https:\\\/\\\/www.inguruabentura.com\\\/wp-content\\\/uploads\\\/2022\\\/04\\\/bono-inguru-LA-LEZE.jpg\",\"contentUrl\":\"https:\\\/\\\/www.inguruabentura.com\\\/wp-content\\\/uploads\\\/2022\\\/04\\\/bono-inguru-LA-LEZE.jpg\",\"width\":900,\"height\":546,\"caption\":\"BON CADEAU LA LEZE CANYON DESCENTE\"},{\"@type\":\"BreadcrumbList\",\"@id\":\"https:\\\/\\\/www.inguruabentura.com\\\/fr\\\/producto\\\/cheque-cadeau-canyoning-la-leze\\\/#breadcrumb\",\"itemListElement\":[{\"@type\":\"ListItem\",\"position\":1,\"name\":\"Portada\",\"item\":\"https:\\\/\\\/www.inguruabentura.com\\\/fr\\\/\"},{\"@type\":\"ListItem\",\"position\":2,\"name\":\"Boutique\",\"item\":\"https:\\\/\\\/www.inguruabentura.com\\\/fr\\\/boutique\\\/\"},{\"@type\":\"ListItem\",\"position\":3,\"name\":\"Ch\u00e8que-cadeau: Canyoning LA LEZE\"}]},{\"@type\":\"WebSite\",\"@id\":\"https:\\\/\\\/www.inguruabentura.com\\\/fr\\\/#website\",\"url\":\"https:\\\/\\\/www.inguruabentura.com\\\/fr\\\/\",\"name\":\"Inguru Abentura\",\"description\":\"Deportes de Aventura y Turismo Activo en Euskadi\",\"publisher\":{\"@id\":\"https:\\\/\\\/www.inguruabentura.com\\\/fr\\\/#organization\"},\"alternateName\":\"Inguru Abentura\",\"potentialAction\":[{\"@type\":\"SearchAction\",\"target\":{\"@type\":\"EntryPoint\",\"urlTemplate\":\"https:\\\/\\\/www.inguruabentura.com\\\/fr\\\/?s={search_term_string}\"},\"query-input\":{\"@type\":\"PropertyValueSpecification\",\"valueRequired\":true,\"valueName\":\"search_term_string\"}}],\"inLanguage\":\"fr-FR\"},{\"@type\":\"Organization\",\"@id\":\"https:\\\/\\\/www.inguruabentura.com\\\/fr\\\/#organization\",\"name\":\"Inguru Abentura\",\"alternateName\":\"Inguru Abentura\",\"url\":\"https:\\\/\\\/www.inguruabentura.com\\\/fr\\\/\",\"logo\":{\"@type\":\"ImageObject\",\"inLanguage\":\"fr-FR\",\"@id\":\"https:\\\/\\\/www.inguruabentura.com\\\/fr\\\/#\\\/schema\\\/logo\\\/image\\\/\",\"url\":\"https:\\\/\\\/www.inguruabentura.com\\\/wp-content\\\/uploads\\\/2021\\\/05\\\/logo-inguru-retina.png\",\"contentUrl\":\"https:\\\/\\\/www.inguruabentura.com\\\/wp-content\\\/uploads\\\/2021\\\/05\\\/logo-inguru-retina.png\",\"width\":546,\"height\":300,\"caption\":\"Inguru Abentura\"},\"image\":{\"@id\":\"https:\\\/\\\/www.inguruabentura.com\\\/fr\\\/#\\\/schema\\\/logo\\\/image\\\/\"},\"sameAs\":[\"https:\\\/\\\/www.facebook.com\\\/Inguru-Abentura-106922632671188\\\/\",\"https:\\\/\\\/x.com\\\/inguruabentura\",\"https:\\\/\\\/www.instagram.com\\\/cristian_inguru_abentura\\\/\",\"https:\\\/\\\/www.youtube.com\\\/user\\\/InguruAbentura\",\"https:\\\/\\\/www.flickr.com\\\/photos\\\/inguru\\\/\",\"https:\\\/\\\/www.tripadvisor.es\\\/Attraction_Review-g3376952-d7364713-Reviews-Inguru_Abentura-Ermua_Province_of_Vizcaya_Basque_Country.html\"]}]}<\/script>\n<!-- \/ Yoast SEO plugin. -->","yoast_head_json":{"title":"Ch\u00e8que-cadeau: Canyoning LA LEZE - Inguru Abentura","description":"Joyau de la couronne du canyoning basque, le prix Fitur 2022 est le meilleur cadeau pour entrer dans le monde du canyoning avec Inguru Abentura.","robots":{"index":"noindex","follow":"follow"},"og_locale":"fr_FR","og_type":"article","og_title":"Ch\u00e8que-cadeau: Canyoning LA LEZE - Inguru Abentura","og_description":"Joyau de la couronne du canyoning basque, le prix Fitur 2022 est le meilleur cadeau pour entrer dans le monde du canyoning avec Inguru Abentura.","og_url":"https:\/\/www.inguruabentura.com\/fr\/producto\/cheque-cadeau-canyoning-la-leze\/","og_site_name":"Inguru Abentura","article_publisher":"https:\/\/www.facebook.com\/Inguru-Abentura-106922632671188\/","article_modified_time":"2024-11-13T17:29:00+00:00","og_image":[{"width":900,"height":546,"url":"https:\/\/www.inguruabentura.com\/wp-content\/uploads\/2022\/04\/bono-inguru-LA-LEZE.jpg","type":"image\/jpeg"}],"twitter_card":"summary_large_image","twitter_site":"@inguruabentura","twitter_misc":{"Dur\u00e9e de lecture estim\u00e9e":"1 minute"},"schema":{"@context":"https:\/\/schema.org","@graph":[{"@type":"WebPage","@id":"https:\/\/www.inguruabentura.com\/fr\/producto\/cheque-cadeau-canyoning-la-leze\/","url":"https:\/\/www.inguruabentura.com\/fr\/producto\/cheque-cadeau-canyoning-la-leze\/","name":"Ch\u00e8que-cadeau: Canyoning LA LEZE - Inguru Abentura","isPartOf":{"@id":"https:\/\/www.inguruabentura.com\/fr\/#website"},"primaryImageOfPage":{"@id":"https:\/\/www.inguruabentura.com\/fr\/producto\/cheque-cadeau-canyoning-la-leze\/#primaryimage"},"image":{"@id":"https:\/\/www.inguruabentura.com\/fr\/producto\/cheque-cadeau-canyoning-la-leze\/#primaryimage"},"thumbnailUrl":"https:\/\/www.inguruabentura.com\/wp-content\/uploads\/2022\/04\/bono-inguru-LA-LEZE.jpg","datePublished":"2022-05-06T09:53:33+00:00","dateModified":"2024-11-13T17:29:00+00:00","description":"Joyau de la couronne du canyoning basque, le prix Fitur 2022 est le meilleur cadeau pour entrer dans le monde du canyoning avec Inguru Abentura.","breadcrumb":{"@id":"https:\/\/www.inguruabentura.com\/fr\/producto\/cheque-cadeau-canyoning-la-leze\/#breadcrumb"},"inLanguage":"fr-FR","potentialAction":[{"@type":"ReadAction","target":["https:\/\/www.inguruabentura.com\/fr\/producto\/cheque-cadeau-canyoning-la-leze\/"]}]},{"@type":"ImageObject","inLanguage":"fr-FR","@id":"https:\/\/www.inguruabentura.com\/fr\/producto\/cheque-cadeau-canyoning-la-leze\/#primaryimage","url":"https:\/\/www.inguruabentura.com\/wp-content\/uploads\/2022\/04\/bono-inguru-LA-LEZE.jpg","contentUrl":"https:\/\/www.inguruabentura.com\/wp-content\/uploads\/2022\/04\/bono-inguru-LA-LEZE.jpg","width":900,"height":546,"caption":"BON CADEAU LA LEZE CANYON DESCENTE"},{"@type":"BreadcrumbList","@id":"https:\/\/www.inguruabentura.com\/fr\/producto\/cheque-cadeau-canyoning-la-leze\/#breadcrumb","itemListElement":[{"@type":"ListItem","position":1,"name":"Portada","item":"https:\/\/www.inguruabentura.com\/fr\/"},{"@type":"ListItem","position":2,"name":"Boutique","item":"https:\/\/www.inguruabentura.com\/fr\/boutique\/"},{"@type":"ListItem","position":3,"name":"Ch\u00e8que-cadeau: Canyoning LA LEZE"}]},{"@type":"WebSite","@id":"https:\/\/www.inguruabentura.com\/fr\/#website","url":"https:\/\/www.inguruabentura.com\/fr\/","name":"Inguru Abentura","description":"Deportes de Aventura y Turismo Activo en Euskadi","publisher":{"@id":"https:\/\/www.inguruabentura.com\/fr\/#organization"},"alternateName":"Inguru Abentura","potentialAction":[{"@type":"SearchAction","target":{"@type":"EntryPoint","urlTemplate":"https:\/\/www.inguruabentura.com\/fr\/?s={search_term_string}"},"query-input":{"@type":"PropertyValueSpecification","valueRequired":true,"valueName":"search_term_string"}}],"inLanguage":"fr-FR"},{"@type":"Organization","@id":"https:\/\/www.inguruabentura.com\/fr\/#organization","name":"Inguru Abentura","alternateName":"Inguru Abentura","url":"https:\/\/www.inguruabentura.com\/fr\/","logo":{"@type":"ImageObject","inLanguage":"fr-FR","@id":"https:\/\/www.inguruabentura.com\/fr\/#\/schema\/logo\/image\/","url":"https:\/\/www.inguruabentura.com\/wp-content\/uploads\/2021\/05\/logo-inguru-retina.png","contentUrl":"https:\/\/www.inguruabentura.com\/wp-content\/uploads\/2021\/05\/logo-inguru-retina.png","width":546,"height":300,"caption":"Inguru Abentura"},"image":{"@id":"https:\/\/www.inguruabentura.com\/fr\/#\/schema\/logo\/image\/"},"sameAs":["https:\/\/www.facebook.com\/Inguru-Abentura-106922632671188\/","https:\/\/x.com\/inguruabentura","https:\/\/www.instagram.com\/cristian_inguru_abentura\/","https:\/\/www.youtube.com\/user\/InguruAbentura","https:\/\/www.flickr.com\/photos\/inguru\/","https:\/\/www.tripadvisor.es\/Attraction_Review-g3376952-d7364713-Reviews-Inguru_Abentura-Ermua_Province_of_Vizcaya_Basque_Country.html"]}]}},"_links":{"self":[{"href":"https:\/\/www.inguruabentura.com\/fr\/wp-json\/wp\/v2\/product\/65617","targetHints":{"allow":["GET"]}}],"collection":[{"href":"https:\/\/www.inguruabentura.com\/fr\/wp-json\/wp\/v2\/product"}],"about":[{"href":"https:\/\/www.inguruabentura.com\/fr\/wp-json\/wp\/v2\/types\/product"}],"wp:featuredmedia":[{"embeddable":true,"href":"https:\/\/www.inguruabentura.com\/fr\/wp-json\/wp\/v2\/media\/65302"}],"wp:attachment":[{"href":"https:\/\/www.inguruabentura.com\/fr\/wp-json\/wp\/v2\/media?parent=65617"}],"wp:term":[{"taxonomy":"product_brand","embeddable":true,"href":"https:\/\/www.inguruabentura.com\/fr\/wp-json\/wp\/v2\/product_brand?post=65617"},{"taxonomy":"product_cat","embeddable":true,"href":"https:\/\/www.inguruabentura.com\/fr\/wp-json\/wp\/v2\/product_cat?post=65617"},{"taxonomy":"product_tag","embeddable":true,"href":"https:\/\/www.inguruabentura.com\/fr\/wp-json\/wp\/v2\/product_tag?post=65617"}],"curies":[{"name":"wp","href":"https:\/\/api.w.org\/{rel}","templated":true}]}}