{"id":66337,"date":"2021-10-09T07:30:05","date_gmt":"2022-05-11T11:22:12","guid":{"rendered":"https:\/\/www.inguruabentura.com\/producto\/location-front-canyoning-speleologie\/"},"modified":"2022-05-11T11:22:12","modified_gmt":"2022-05-11T11:22:12","slug":"location-front-canyoning-speleologie","status":"publish","type":"product","link":"https:\/\/www.inguruabentura.com\/fr\/producto\/location-front-canyoning-speleologie\/","title":{"rendered":"Location canyoning-sp\u00e9l\u00e9ologie frontale"},"content":{"rendered":"<p>Lampe de poche ancr\u00e9e \u00e0 la t\u00eate pour garder les mains libres. \u00c9l\u00e9ment indispensable pour des activit\u00e9s telles que la sp\u00e9l\u00e9ologie ou le canyoning comme La Lece. Comprend une batterie et une ampoule LED avec 150 lumens de puissance.<\/p>\n<p><em><strong>IMPORTANT:<br \/>\n&#8211; Pour r\u00e9cup\u00e9rer et r\u00e9server l\u2019\u00e9quipement, il est pr\u00e9f\u00e9rable d\u2019appeler d\u2019abord, car nous pouvons \u00eatre en train de faire une activit\u00e9 et ne pas \u00eatre \u00e0 la base.<br \/>\n&#8211; Il est obligatoire de pr\u00e9senter sa carte d\u2019identit\u00e9 et de payer \u00e0 l\u2019avance.<br \/>\n&#8211; Les cartes de cr\u00e9dit ne sont pas accept\u00e9es dans nos installations.<br \/>\n&#8211; La collecte et le retour du mat\u00e9riel se font \u00e0 notre base.<\/strong><\/em><\/p>\n","protected":false},"excerpt":{"rendered":"<p>Lampe de poche ancr\u00e9e \u00e0 la t\u00eate pour garder les mains libres. \u00c9l\u00e9ment indispensable pour des activit\u00e9s telles que la sp\u00e9l\u00e9ologie ou le canyoning comme La Lece. Comprend une batterie et une ampoule LED avec 150 lumens de puissance.<\/p>\n<p>&nbsp;<\/p>\n<p>&nbsp;<\/p>\n","protected":false},"featured_media":59216,"template":"","meta":[],"product_brand":[],"product_cat":[663],"product_tag":[],"class_list":{"0":"post-66337","1":"product","2":"type-product","3":"status-publish","4":"has-post-thumbnail","6":"product_cat-location-materiel-technique","7":"description-off","9":"first","10":"instock","11":"taxable","12":"shipping-taxable","13":"purchasable","14":"product-type-variable"},"exclude_global_add_ons":[],"addons":[],"yoast_head":"<!-- This site is optimized with the Yoast SEO plugin v27.5 - https:\/\/yoast.com\/product\/yoast-seo-wordpress\/ -->\n<title>Location canyoning-sp\u00e9l\u00e9ologie frontale - Inguru Abentura<\/title>\n<meta name=\"description\" content=\"Lampe de poche ancr\u00e9e \u00e0 la t\u00eate pour garder les mains libres. Indispensable dans les activit\u00e9s sp\u00e9l\u00e9ologie et canyoning.\" \/>\n<meta name=\"robots\" content=\"noindex, follow\" \/>\n<meta property=\"og:locale\" content=\"fr_FR\" \/>\n<meta property=\"og:type\" content=\"article\" \/>\n<meta property=\"og:title\" content=\"Location canyoning-sp\u00e9l\u00e9ologie frontale - Inguru Abentura\" \/>\n<meta property=\"og:description\" content=\"Lampe de poche ancr\u00e9e \u00e0 la t\u00eate pour garder les mains libres. Indispensable dans les activit\u00e9s sp\u00e9l\u00e9ologie et canyoning.\" \/>\n<meta property=\"og:url\" content=\"https:\/\/www.inguruabentura.com\/fr\/producto\/location-front-canyoning-speleologie\/\" \/>\n<meta property=\"og:site_name\" content=\"Inguru Abentura\" \/>\n<meta property=\"article:publisher\" content=\"https:\/\/www.facebook.com\/Inguru-Abentura-106922632671188\/\" \/>\n<meta property=\"og:image\" content=\"https:\/\/www.inguruabentura.com\/wp-content\/uploads\/2021\/10\/alquiler-frontal.jpg\" \/>\n\t<meta property=\"og:image:width\" content=\"800\" \/>\n\t<meta property=\"og:image:height\" content=\"600\" \/>\n\t<meta property=\"og:image:type\" content=\"image\/jpeg\" \/>\n<meta name=\"twitter:card\" content=\"summary_large_image\" \/>\n<meta name=\"twitter:site\" content=\"@inguruabentura\" \/>\n<meta name=\"twitter:label1\" content=\"Dur\u00e9e de lecture estim\u00e9e\" \/>\n\t<meta name=\"twitter:data1\" content=\"1 minute\" \/>\n<script type=\"application\/ld+json\" class=\"yoast-schema-graph\">{\"@context\":\"https:\\\/\\\/schema.org\",\"@graph\":[{\"@type\":\"WebPage\",\"@id\":\"https:\\\/\\\/www.inguruabentura.com\\\/fr\\\/producto\\\/location-front-canyoning-speleologie\\\/\",\"url\":\"https:\\\/\\\/www.inguruabentura.com\\\/fr\\\/producto\\\/location-front-canyoning-speleologie\\\/\",\"name\":\"Location canyoning-sp\u00e9l\u00e9ologie frontale - Inguru Abentura\",\"isPartOf\":{\"@id\":\"https:\\\/\\\/www.inguruabentura.com\\\/fr\\\/#website\"},\"primaryImageOfPage\":{\"@id\":\"https:\\\/\\\/www.inguruabentura.com\\\/fr\\\/producto\\\/location-front-canyoning-speleologie\\\/#primaryimage\"},\"image\":{\"@id\":\"https:\\\/\\\/www.inguruabentura.com\\\/fr\\\/producto\\\/location-front-canyoning-speleologie\\\/#primaryimage\"},\"thumbnailUrl\":\"https:\\\/\\\/www.inguruabentura.com\\\/wp-content\\\/uploads\\\/2021\\\/10\\\/alquiler-frontal.jpg\",\"datePublished\":\"2022-05-11T11:22:12+00:00\",\"description\":\"Lampe de poche ancr\u00e9e \u00e0 la t\u00eate pour garder les mains libres. Indispensable dans les activit\u00e9s sp\u00e9l\u00e9ologie et canyoning.\",\"breadcrumb\":{\"@id\":\"https:\\\/\\\/www.inguruabentura.com\\\/fr\\\/producto\\\/location-front-canyoning-speleologie\\\/#breadcrumb\"},\"inLanguage\":\"fr-FR\",\"potentialAction\":[{\"@type\":\"ReadAction\",\"target\":[\"https:\\\/\\\/www.inguruabentura.com\\\/fr\\\/producto\\\/location-front-canyoning-speleologie\\\/\"]}]},{\"@type\":\"ImageObject\",\"inLanguage\":\"fr-FR\",\"@id\":\"https:\\\/\\\/www.inguruabentura.com\\\/fr\\\/producto\\\/location-front-canyoning-speleologie\\\/#primaryimage\",\"url\":\"https:\\\/\\\/www.inguruabentura.com\\\/wp-content\\\/uploads\\\/2021\\\/10\\\/alquiler-frontal.jpg\",\"contentUrl\":\"https:\\\/\\\/www.inguruabentura.com\\\/wp-content\\\/uploads\\\/2021\\\/10\\\/alquiler-frontal.jpg\",\"width\":800,\"height\":600,\"caption\":\"Location canyoning-sp\u00e9l\u00e9ologie frontale\"},{\"@type\":\"BreadcrumbList\",\"@id\":\"https:\\\/\\\/www.inguruabentura.com\\\/fr\\\/producto\\\/location-front-canyoning-speleologie\\\/#breadcrumb\",\"itemListElement\":[{\"@type\":\"ListItem\",\"position\":1,\"name\":\"Portada\",\"item\":\"https:\\\/\\\/www.inguruabentura.com\\\/fr\\\/\"},{\"@type\":\"ListItem\",\"position\":2,\"name\":\"Boutique\",\"item\":\"https:\\\/\\\/www.inguruabentura.com\\\/fr\\\/boutique\\\/\"},{\"@type\":\"ListItem\",\"position\":3,\"name\":\"Location canyoning-sp\u00e9l\u00e9ologie frontale\"}]},{\"@type\":\"WebSite\",\"@id\":\"https:\\\/\\\/www.inguruabentura.com\\\/fr\\\/#website\",\"url\":\"https:\\\/\\\/www.inguruabentura.com\\\/fr\\\/\",\"name\":\"Inguru Abentura\",\"description\":\"Deportes de Aventura y Turismo Activo en Euskadi\",\"publisher\":{\"@id\":\"https:\\\/\\\/www.inguruabentura.com\\\/fr\\\/#organization\"},\"alternateName\":\"Inguru Abentura\",\"potentialAction\":[{\"@type\":\"SearchAction\",\"target\":{\"@type\":\"EntryPoint\",\"urlTemplate\":\"https:\\\/\\\/www.inguruabentura.com\\\/fr\\\/?s={search_term_string}\"},\"query-input\":{\"@type\":\"PropertyValueSpecification\",\"valueRequired\":true,\"valueName\":\"search_term_string\"}}],\"inLanguage\":\"fr-FR\"},{\"@type\":\"Organization\",\"@id\":\"https:\\\/\\\/www.inguruabentura.com\\\/fr\\\/#organization\",\"name\":\"Inguru Abentura\",\"alternateName\":\"Inguru Abentura\",\"url\":\"https:\\\/\\\/www.inguruabentura.com\\\/fr\\\/\",\"logo\":{\"@type\":\"ImageObject\",\"inLanguage\":\"fr-FR\",\"@id\":\"https:\\\/\\\/www.inguruabentura.com\\\/fr\\\/#\\\/schema\\\/logo\\\/image\\\/\",\"url\":\"https:\\\/\\\/www.inguruabentura.com\\\/wp-content\\\/uploads\\\/2021\\\/05\\\/logo-inguru-retina.png\",\"contentUrl\":\"https:\\\/\\\/www.inguruabentura.com\\\/wp-content\\\/uploads\\\/2021\\\/05\\\/logo-inguru-retina.png\",\"width\":546,\"height\":300,\"caption\":\"Inguru Abentura\"},\"image\":{\"@id\":\"https:\\\/\\\/www.inguruabentura.com\\\/fr\\\/#\\\/schema\\\/logo\\\/image\\\/\"},\"sameAs\":[\"https:\\\/\\\/www.facebook.com\\\/Inguru-Abentura-106922632671188\\\/\",\"https:\\\/\\\/x.com\\\/inguruabentura\",\"https:\\\/\\\/www.instagram.com\\\/cristian_inguru_abentura\\\/\",\"https:\\\/\\\/www.youtube.com\\\/user\\\/InguruAbentura\",\"https:\\\/\\\/www.flickr.com\\\/photos\\\/inguru\\\/\",\"https:\\\/\\\/www.tripadvisor.es\\\/Attraction_Review-g3376952-d7364713-Reviews-Inguru_Abentura-Ermua_Province_of_Vizcaya_Basque_Country.html\"]}]}<\/script>\n<!-- \/ Yoast SEO plugin. -->","yoast_head_json":{"title":"Location canyoning-sp\u00e9l\u00e9ologie frontale - Inguru Abentura","description":"Lampe de poche ancr\u00e9e \u00e0 la t\u00eate pour garder les mains libres. Indispensable dans les activit\u00e9s sp\u00e9l\u00e9ologie et canyoning.","robots":{"index":"noindex","follow":"follow"},"og_locale":"fr_FR","og_type":"article","og_title":"Location canyoning-sp\u00e9l\u00e9ologie frontale - Inguru Abentura","og_description":"Lampe de poche ancr\u00e9e \u00e0 la t\u00eate pour garder les mains libres. Indispensable dans les activit\u00e9s sp\u00e9l\u00e9ologie et canyoning.","og_url":"https:\/\/www.inguruabentura.com\/fr\/producto\/location-front-canyoning-speleologie\/","og_site_name":"Inguru Abentura","article_publisher":"https:\/\/www.facebook.com\/Inguru-Abentura-106922632671188\/","og_image":[{"width":800,"height":600,"url":"https:\/\/www.inguruabentura.com\/wp-content\/uploads\/2021\/10\/alquiler-frontal.jpg","type":"image\/jpeg"}],"twitter_card":"summary_large_image","twitter_site":"@inguruabentura","twitter_misc":{"Dur\u00e9e de lecture estim\u00e9e":"1 minute"},"schema":{"@context":"https:\/\/schema.org","@graph":[{"@type":"WebPage","@id":"https:\/\/www.inguruabentura.com\/fr\/producto\/location-front-canyoning-speleologie\/","url":"https:\/\/www.inguruabentura.com\/fr\/producto\/location-front-canyoning-speleologie\/","name":"Location canyoning-sp\u00e9l\u00e9ologie frontale - Inguru Abentura","isPartOf":{"@id":"https:\/\/www.inguruabentura.com\/fr\/#website"},"primaryImageOfPage":{"@id":"https:\/\/www.inguruabentura.com\/fr\/producto\/location-front-canyoning-speleologie\/#primaryimage"},"image":{"@id":"https:\/\/www.inguruabentura.com\/fr\/producto\/location-front-canyoning-speleologie\/#primaryimage"},"thumbnailUrl":"https:\/\/www.inguruabentura.com\/wp-content\/uploads\/2021\/10\/alquiler-frontal.jpg","datePublished":"2022-05-11T11:22:12+00:00","description":"Lampe de poche ancr\u00e9e \u00e0 la t\u00eate pour garder les mains libres. Indispensable dans les activit\u00e9s sp\u00e9l\u00e9ologie et canyoning.","breadcrumb":{"@id":"https:\/\/www.inguruabentura.com\/fr\/producto\/location-front-canyoning-speleologie\/#breadcrumb"},"inLanguage":"fr-FR","potentialAction":[{"@type":"ReadAction","target":["https:\/\/www.inguruabentura.com\/fr\/producto\/location-front-canyoning-speleologie\/"]}]},{"@type":"ImageObject","inLanguage":"fr-FR","@id":"https:\/\/www.inguruabentura.com\/fr\/producto\/location-front-canyoning-speleologie\/#primaryimage","url":"https:\/\/www.inguruabentura.com\/wp-content\/uploads\/2021\/10\/alquiler-frontal.jpg","contentUrl":"https:\/\/www.inguruabentura.com\/wp-content\/uploads\/2021\/10\/alquiler-frontal.jpg","width":800,"height":600,"caption":"Location canyoning-sp\u00e9l\u00e9ologie frontale"},{"@type":"BreadcrumbList","@id":"https:\/\/www.inguruabentura.com\/fr\/producto\/location-front-canyoning-speleologie\/#breadcrumb","itemListElement":[{"@type":"ListItem","position":1,"name":"Portada","item":"https:\/\/www.inguruabentura.com\/fr\/"},{"@type":"ListItem","position":2,"name":"Boutique","item":"https:\/\/www.inguruabentura.com\/fr\/boutique\/"},{"@type":"ListItem","position":3,"name":"Location canyoning-sp\u00e9l\u00e9ologie frontale"}]},{"@type":"WebSite","@id":"https:\/\/www.inguruabentura.com\/fr\/#website","url":"https:\/\/www.inguruabentura.com\/fr\/","name":"Inguru Abentura","description":"Deportes de Aventura y Turismo Activo en Euskadi","publisher":{"@id":"https:\/\/www.inguruabentura.com\/fr\/#organization"},"alternateName":"Inguru Abentura","potentialAction":[{"@type":"SearchAction","target":{"@type":"EntryPoint","urlTemplate":"https:\/\/www.inguruabentura.com\/fr\/?s={search_term_string}"},"query-input":{"@type":"PropertyValueSpecification","valueRequired":true,"valueName":"search_term_string"}}],"inLanguage":"fr-FR"},{"@type":"Organization","@id":"https:\/\/www.inguruabentura.com\/fr\/#organization","name":"Inguru Abentura","alternateName":"Inguru Abentura","url":"https:\/\/www.inguruabentura.com\/fr\/","logo":{"@type":"ImageObject","inLanguage":"fr-FR","@id":"https:\/\/www.inguruabentura.com\/fr\/#\/schema\/logo\/image\/","url":"https:\/\/www.inguruabentura.com\/wp-content\/uploads\/2021\/05\/logo-inguru-retina.png","contentUrl":"https:\/\/www.inguruabentura.com\/wp-content\/uploads\/2021\/05\/logo-inguru-retina.png","width":546,"height":300,"caption":"Inguru Abentura"},"image":{"@id":"https:\/\/www.inguruabentura.com\/fr\/#\/schema\/logo\/image\/"},"sameAs":["https:\/\/www.facebook.com\/Inguru-Abentura-106922632671188\/","https:\/\/x.com\/inguruabentura","https:\/\/www.instagram.com\/cristian_inguru_abentura\/","https:\/\/www.youtube.com\/user\/InguruAbentura","https:\/\/www.flickr.com\/photos\/inguru\/","https:\/\/www.tripadvisor.es\/Attraction_Review-g3376952-d7364713-Reviews-Inguru_Abentura-Ermua_Province_of_Vizcaya_Basque_Country.html"]}]}},"_links":{"self":[{"href":"https:\/\/www.inguruabentura.com\/fr\/wp-json\/wp\/v2\/product\/66337","targetHints":{"allow":["GET"]}}],"collection":[{"href":"https:\/\/www.inguruabentura.com\/fr\/wp-json\/wp\/v2\/product"}],"about":[{"href":"https:\/\/www.inguruabentura.com\/fr\/wp-json\/wp\/v2\/types\/product"}],"wp:featuredmedia":[{"embeddable":true,"href":"https:\/\/www.inguruabentura.com\/fr\/wp-json\/wp\/v2\/media\/59216"}],"wp:attachment":[{"href":"https:\/\/www.inguruabentura.com\/fr\/wp-json\/wp\/v2\/media?parent=66337"}],"wp:term":[{"taxonomy":"product_brand","embeddable":true,"href":"https:\/\/www.inguruabentura.com\/fr\/wp-json\/wp\/v2\/product_brand?post=66337"},{"taxonomy":"product_cat","embeddable":true,"href":"https:\/\/www.inguruabentura.com\/fr\/wp-json\/wp\/v2\/product_cat?post=66337"},{"taxonomy":"product_tag","embeddable":true,"href":"https:\/\/www.inguruabentura.com\/fr\/wp-json\/wp\/v2\/product_tag?post=66337"}],"curies":[{"name":"wp","href":"https:\/\/api.w.org\/{rel}","templated":true}]}}