{"id":70103,"date":"2024-07-08T10:34:34","date_gmt":"2024-07-08T08:34:34","guid":{"rendered":"https:\/\/www.inguruabentura.com\/?post_type=product&#038;p=70103"},"modified":"2024-07-08T11:24:08","modified_gmt":"2024-07-08T09:24:08","slug":"reservation-ddescente-du-canyon-daguake","status":"publish","type":"product","link":"https:\/\/www.inguruabentura.com\/fr\/producto\/reservation-ddescente-du-canyon-daguake\/","title":{"rendered":"R\u00c9SERVATION: DESCENTE DU CANYON D&rsquo;AGUAKE (\u00c1LAVA)"},"content":{"rendered":"<h4>D\u00e9tails: Descente du Canyon d&rsquo;Aguake (\u00c1lava)<\/h4>\n<ul>\n<li><strong>LOCATION :<\/strong> Anto\u00f1ana (\u00c1lava).<\/li>\n<li><strong>DUR\u00c9E :<\/strong> 3-4 heures.<\/li>\n<li><strong>NIVEAU :<\/strong> I-D\u00e9butants.<\/li>\n<li><strong>SAISON :<\/strong> D\u2019avril \u00e0 octobre.<\/li>\n<li><strong>GROUPE MINIMUM :<\/strong> 6 participants.<\/li>\n<li><strong>\u00c2GE MINIMUM :<\/strong> 10 ans.<\/li>\n<li><strong>PRIX PAR PERSONNE :<\/strong> 55 \u20ac (TVA incluse).<\/li>\n<li><strong>FICHE TECHNIQUE :<\/strong> <a href=\"https:\/\/www.inguruabentura.com\/wp-content\/uploads\/2022\/04\/IP-5-2-1-Barranco-Aguake.pdf\" target=\"_blank\" rel=\"noopener\">Ouvrir le fichier pdf<\/a><\/li>\n<li><strong>CONDITIONS G\u00c9N\u00c9RALES :<\/strong> <a href=\"https:\/\/www.inguruabentura.com\/wp-content\/uploads\/2022\/04\/IP-5-1-1-CondicionesGenerales.pdf\" target=\"_blank\" rel=\"noopener\">Ouvrir le fichier pdf<\/a><\/li>\n<\/ul>\n<p><a href=\"https:\/\/www.inguruabentura.com\/fr\/actividades\/descenso-barranco-aguake\/\" target=\"_blank\" rel=\"noopener\">PLUS D&rsquo;INFORMATIONS<\/a><\/p>\n","protected":false},"excerpt":{"rendered":"<p>R\u00e9servez votre Descente du Canyon d&rsquo;Aguake (\u00c1lava) avec Inguru Abentura.<\/p>\n","protected":false},"featured_media":65261,"template":"","meta":[],"product_brand":[],"product_cat":[799,704],"product_tag":[],"class_list":{"0":"post-70103","1":"product","2":"type-product","3":"status-publish","4":"has-post-thumbnail","6":"product_cat-canyoning-reservations","7":"product_cat-activites-reservations","8":"description-off","10":"first","11":"instock","12":"virtual","13":"taxable","14":"purchasable","15":"product-type-appointment"},"exclude_global_add_ons":[],"addons":[],"yoast_head":"<!-- This site is optimized with the Yoast SEO plugin v27.3 - https:\/\/yoast.com\/product\/yoast-seo-wordpress\/ -->\n<title>R\u00c9SERVATION: DESCENTE DU CANYON D&#039;AGUAKE (\u00c1LAVA) - Inguru Abentura<\/title>\n<meta name=\"robots\" content=\"noindex, follow\" \/>\n<meta property=\"og:locale\" content=\"fr_FR\" \/>\n<meta property=\"og:type\" content=\"article\" \/>\n<meta property=\"og:title\" content=\"R\u00c9SERVATION: DESCENTE DU CANYON D&#039;AGUAKE (\u00c1LAVA) - Inguru Abentura\" \/>\n<meta property=\"og:description\" content=\"R\u00e9servez votre Descente du Canyon d&#039;Aguake (\u00c1lava) avec Inguru Abentura.\" \/>\n<meta property=\"og:url\" content=\"https:\/\/www.inguruabentura.com\/fr\/producto\/reservation-ddescente-du-canyon-daguake\/\" \/>\n<meta property=\"og:site_name\" content=\"Inguru Abentura\" \/>\n<meta property=\"article:publisher\" content=\"https:\/\/www.facebook.com\/Inguru-Abentura-106922632671188\/\" \/>\n<meta property=\"article:modified_time\" content=\"2024-07-08T09:24:08+00:00\" \/>\n<meta property=\"og:image\" content=\"https:\/\/www.inguruabentura.com\/wp-content\/uploads\/2021\/10\/inguru_abentura_aguake_rapel_entrada2.jpg\" \/>\n\t<meta property=\"og:image:width\" content=\"900\" \/>\n\t<meta property=\"og:image:height\" content=\"675\" \/>\n\t<meta property=\"og:image:type\" content=\"image\/jpeg\" \/>\n<meta name=\"twitter:card\" content=\"summary_large_image\" \/>\n<meta name=\"twitter:site\" content=\"@inguruabentura\" \/>\n<meta name=\"twitter:label1\" content=\"Dur\u00e9e de lecture estim\u00e9e\" \/>\n\t<meta name=\"twitter:data1\" content=\"1 minute\" \/>\n<script type=\"application\/ld+json\" class=\"yoast-schema-graph\">{\"@context\":\"https:\\\/\\\/schema.org\",\"@graph\":[{\"@type\":\"WebPage\",\"@id\":\"https:\\\/\\\/www.inguruabentura.com\\\/fr\\\/producto\\\/reservation-ddescente-du-canyon-daguake\\\/\",\"url\":\"https:\\\/\\\/www.inguruabentura.com\\\/fr\\\/producto\\\/reservation-ddescente-du-canyon-daguake\\\/\",\"name\":\"R\u00c9SERVATION: DESCENTE DU CANYON D'AGUAKE (\u00c1LAVA) - Inguru Abentura\",\"isPartOf\":{\"@id\":\"https:\\\/\\\/www.inguruabentura.com\\\/fr\\\/#website\"},\"primaryImageOfPage\":{\"@id\":\"https:\\\/\\\/www.inguruabentura.com\\\/fr\\\/producto\\\/reservation-ddescente-du-canyon-daguake\\\/#primaryimage\"},\"image\":{\"@id\":\"https:\\\/\\\/www.inguruabentura.com\\\/fr\\\/producto\\\/reservation-ddescente-du-canyon-daguake\\\/#primaryimage\"},\"thumbnailUrl\":\"https:\\\/\\\/www.inguruabentura.com\\\/wp-content\\\/uploads\\\/2021\\\/10\\\/inguru_abentura_aguake_rapel_entrada2.jpg\",\"datePublished\":\"2024-07-08T08:34:34+00:00\",\"dateModified\":\"2024-07-08T09:24:08+00:00\",\"breadcrumb\":{\"@id\":\"https:\\\/\\\/www.inguruabentura.com\\\/fr\\\/producto\\\/reservation-ddescente-du-canyon-daguake\\\/#breadcrumb\"},\"inLanguage\":\"fr-FR\",\"potentialAction\":[{\"@type\":\"ReadAction\",\"target\":[\"https:\\\/\\\/www.inguruabentura.com\\\/fr\\\/producto\\\/reservation-ddescente-du-canyon-daguake\\\/\"]}]},{\"@type\":\"ImageObject\",\"inLanguage\":\"fr-FR\",\"@id\":\"https:\\\/\\\/www.inguruabentura.com\\\/fr\\\/producto\\\/reservation-ddescente-du-canyon-daguake\\\/#primaryimage\",\"url\":\"https:\\\/\\\/www.inguruabentura.com\\\/wp-content\\\/uploads\\\/2021\\\/10\\\/inguru_abentura_aguake_rapel_entrada2.jpg\",\"contentUrl\":\"https:\\\/\\\/www.inguruabentura.com\\\/wp-content\\\/uploads\\\/2021\\\/10\\\/inguru_abentura_aguake_rapel_entrada2.jpg\",\"width\":900,\"height\":675},{\"@type\":\"BreadcrumbList\",\"@id\":\"https:\\\/\\\/www.inguruabentura.com\\\/fr\\\/producto\\\/reservation-ddescente-du-canyon-daguake\\\/#breadcrumb\",\"itemListElement\":[{\"@type\":\"ListItem\",\"position\":1,\"name\":\"Portada\",\"item\":\"https:\\\/\\\/www.inguruabentura.com\\\/fr\\\/\"},{\"@type\":\"ListItem\",\"position\":2,\"name\":\"Boutique\",\"item\":\"https:\\\/\\\/www.inguruabentura.com\\\/fr\\\/boutique\\\/\"},{\"@type\":\"ListItem\",\"position\":3,\"name\":\"R\u00c9SERVATION: DESCENTE DU CANYON D&#8217;AGUAKE (\u00c1LAVA)\"}]},{\"@type\":\"WebSite\",\"@id\":\"https:\\\/\\\/www.inguruabentura.com\\\/fr\\\/#website\",\"url\":\"https:\\\/\\\/www.inguruabentura.com\\\/fr\\\/\",\"name\":\"Inguru Abentura\",\"description\":\"Deportes de Aventura y Turismo Activo en Euskadi\",\"publisher\":{\"@id\":\"https:\\\/\\\/www.inguruabentura.com\\\/fr\\\/#organization\"},\"alternateName\":\"Inguru Abentura\",\"potentialAction\":[{\"@type\":\"SearchAction\",\"target\":{\"@type\":\"EntryPoint\",\"urlTemplate\":\"https:\\\/\\\/www.inguruabentura.com\\\/fr\\\/?s={search_term_string}\"},\"query-input\":{\"@type\":\"PropertyValueSpecification\",\"valueRequired\":true,\"valueName\":\"search_term_string\"}}],\"inLanguage\":\"fr-FR\"},{\"@type\":\"Organization\",\"@id\":\"https:\\\/\\\/www.inguruabentura.com\\\/fr\\\/#organization\",\"name\":\"Inguru Abentura\",\"alternateName\":\"Inguru Abentura\",\"url\":\"https:\\\/\\\/www.inguruabentura.com\\\/fr\\\/\",\"logo\":{\"@type\":\"ImageObject\",\"inLanguage\":\"fr-FR\",\"@id\":\"https:\\\/\\\/www.inguruabentura.com\\\/fr\\\/#\\\/schema\\\/logo\\\/image\\\/\",\"url\":\"https:\\\/\\\/www.inguruabentura.com\\\/wp-content\\\/uploads\\\/2021\\\/05\\\/logo-inguru-retina.png\",\"contentUrl\":\"https:\\\/\\\/www.inguruabentura.com\\\/wp-content\\\/uploads\\\/2021\\\/05\\\/logo-inguru-retina.png\",\"width\":546,\"height\":300,\"caption\":\"Inguru Abentura\"},\"image\":{\"@id\":\"https:\\\/\\\/www.inguruabentura.com\\\/fr\\\/#\\\/schema\\\/logo\\\/image\\\/\"},\"sameAs\":[\"https:\\\/\\\/www.facebook.com\\\/Inguru-Abentura-106922632671188\\\/\",\"https:\\\/\\\/x.com\\\/inguruabentura\",\"https:\\\/\\\/www.instagram.com\\\/cristian_inguru_abentura\\\/\",\"https:\\\/\\\/www.youtube.com\\\/user\\\/InguruAbentura\",\"https:\\\/\\\/www.flickr.com\\\/photos\\\/inguru\\\/\",\"https:\\\/\\\/www.tripadvisor.es\\\/Attraction_Review-g3376952-d7364713-Reviews-Inguru_Abentura-Ermua_Province_of_Vizcaya_Basque_Country.html\"]}]}<\/script>\n<!-- \/ Yoast SEO plugin. -->","yoast_head_json":{"title":"R\u00c9SERVATION: DESCENTE DU CANYON D'AGUAKE (\u00c1LAVA) - Inguru Abentura","robots":{"index":"noindex","follow":"follow"},"og_locale":"fr_FR","og_type":"article","og_title":"R\u00c9SERVATION: DESCENTE DU CANYON D'AGUAKE (\u00c1LAVA) - Inguru Abentura","og_description":"R\u00e9servez votre Descente du Canyon d'Aguake (\u00c1lava) avec Inguru Abentura.","og_url":"https:\/\/www.inguruabentura.com\/fr\/producto\/reservation-ddescente-du-canyon-daguake\/","og_site_name":"Inguru Abentura","article_publisher":"https:\/\/www.facebook.com\/Inguru-Abentura-106922632671188\/","article_modified_time":"2024-07-08T09:24:08+00:00","og_image":[{"width":900,"height":675,"url":"https:\/\/www.inguruabentura.com\/wp-content\/uploads\/2021\/10\/inguru_abentura_aguake_rapel_entrada2.jpg","type":"image\/jpeg"}],"twitter_card":"summary_large_image","twitter_site":"@inguruabentura","twitter_misc":{"Dur\u00e9e de lecture estim\u00e9e":"1 minute"},"schema":{"@context":"https:\/\/schema.org","@graph":[{"@type":"WebPage","@id":"https:\/\/www.inguruabentura.com\/fr\/producto\/reservation-ddescente-du-canyon-daguake\/","url":"https:\/\/www.inguruabentura.com\/fr\/producto\/reservation-ddescente-du-canyon-daguake\/","name":"R\u00c9SERVATION: DESCENTE DU CANYON D'AGUAKE (\u00c1LAVA) - Inguru Abentura","isPartOf":{"@id":"https:\/\/www.inguruabentura.com\/fr\/#website"},"primaryImageOfPage":{"@id":"https:\/\/www.inguruabentura.com\/fr\/producto\/reservation-ddescente-du-canyon-daguake\/#primaryimage"},"image":{"@id":"https:\/\/www.inguruabentura.com\/fr\/producto\/reservation-ddescente-du-canyon-daguake\/#primaryimage"},"thumbnailUrl":"https:\/\/www.inguruabentura.com\/wp-content\/uploads\/2021\/10\/inguru_abentura_aguake_rapel_entrada2.jpg","datePublished":"2024-07-08T08:34:34+00:00","dateModified":"2024-07-08T09:24:08+00:00","breadcrumb":{"@id":"https:\/\/www.inguruabentura.com\/fr\/producto\/reservation-ddescente-du-canyon-daguake\/#breadcrumb"},"inLanguage":"fr-FR","potentialAction":[{"@type":"ReadAction","target":["https:\/\/www.inguruabentura.com\/fr\/producto\/reservation-ddescente-du-canyon-daguake\/"]}]},{"@type":"ImageObject","inLanguage":"fr-FR","@id":"https:\/\/www.inguruabentura.com\/fr\/producto\/reservation-ddescente-du-canyon-daguake\/#primaryimage","url":"https:\/\/www.inguruabentura.com\/wp-content\/uploads\/2021\/10\/inguru_abentura_aguake_rapel_entrada2.jpg","contentUrl":"https:\/\/www.inguruabentura.com\/wp-content\/uploads\/2021\/10\/inguru_abentura_aguake_rapel_entrada2.jpg","width":900,"height":675},{"@type":"BreadcrumbList","@id":"https:\/\/www.inguruabentura.com\/fr\/producto\/reservation-ddescente-du-canyon-daguake\/#breadcrumb","itemListElement":[{"@type":"ListItem","position":1,"name":"Portada","item":"https:\/\/www.inguruabentura.com\/fr\/"},{"@type":"ListItem","position":2,"name":"Boutique","item":"https:\/\/www.inguruabentura.com\/fr\/boutique\/"},{"@type":"ListItem","position":3,"name":"R\u00c9SERVATION: DESCENTE DU CANYON D&#8217;AGUAKE (\u00c1LAVA)"}]},{"@type":"WebSite","@id":"https:\/\/www.inguruabentura.com\/fr\/#website","url":"https:\/\/www.inguruabentura.com\/fr\/","name":"Inguru Abentura","description":"Deportes de Aventura y Turismo Activo en Euskadi","publisher":{"@id":"https:\/\/www.inguruabentura.com\/fr\/#organization"},"alternateName":"Inguru Abentura","potentialAction":[{"@type":"SearchAction","target":{"@type":"EntryPoint","urlTemplate":"https:\/\/www.inguruabentura.com\/fr\/?s={search_term_string}"},"query-input":{"@type":"PropertyValueSpecification","valueRequired":true,"valueName":"search_term_string"}}],"inLanguage":"fr-FR"},{"@type":"Organization","@id":"https:\/\/www.inguruabentura.com\/fr\/#organization","name":"Inguru Abentura","alternateName":"Inguru Abentura","url":"https:\/\/www.inguruabentura.com\/fr\/","logo":{"@type":"ImageObject","inLanguage":"fr-FR","@id":"https:\/\/www.inguruabentura.com\/fr\/#\/schema\/logo\/image\/","url":"https:\/\/www.inguruabentura.com\/wp-content\/uploads\/2021\/05\/logo-inguru-retina.png","contentUrl":"https:\/\/www.inguruabentura.com\/wp-content\/uploads\/2021\/05\/logo-inguru-retina.png","width":546,"height":300,"caption":"Inguru Abentura"},"image":{"@id":"https:\/\/www.inguruabentura.com\/fr\/#\/schema\/logo\/image\/"},"sameAs":["https:\/\/www.facebook.com\/Inguru-Abentura-106922632671188\/","https:\/\/x.com\/inguruabentura","https:\/\/www.instagram.com\/cristian_inguru_abentura\/","https:\/\/www.youtube.com\/user\/InguruAbentura","https:\/\/www.flickr.com\/photos\/inguru\/","https:\/\/www.tripadvisor.es\/Attraction_Review-g3376952-d7364713-Reviews-Inguru_Abentura-Ermua_Province_of_Vizcaya_Basque_Country.html"]}]}},"_links":{"self":[{"href":"https:\/\/www.inguruabentura.com\/fr\/wp-json\/wp\/v2\/product\/70103","targetHints":{"allow":["GET"]}}],"collection":[{"href":"https:\/\/www.inguruabentura.com\/fr\/wp-json\/wp\/v2\/product"}],"about":[{"href":"https:\/\/www.inguruabentura.com\/fr\/wp-json\/wp\/v2\/types\/product"}],"wp:featuredmedia":[{"embeddable":true,"href":"https:\/\/www.inguruabentura.com\/fr\/wp-json\/wp\/v2\/media\/65261"}],"wp:attachment":[{"href":"https:\/\/www.inguruabentura.com\/fr\/wp-json\/wp\/v2\/media?parent=70103"}],"wp:term":[{"taxonomy":"product_brand","embeddable":true,"href":"https:\/\/www.inguruabentura.com\/fr\/wp-json\/wp\/v2\/product_brand?post=70103"},{"taxonomy":"product_cat","embeddable":true,"href":"https:\/\/www.inguruabentura.com\/fr\/wp-json\/wp\/v2\/product_cat?post=70103"},{"taxonomy":"product_tag","embeddable":true,"href":"https:\/\/www.inguruabentura.com\/fr\/wp-json\/wp\/v2\/product_tag?post=70103"}],"curies":[{"name":"wp","href":"https:\/\/api.w.org\/{rel}","templated":true}]}}